{"id":268,"date":"2021-12-17T09:02:18","date_gmt":"2021-12-17T09:02:18","guid":{"rendered":"https:\/\/lignumsolidum.com\/?page_id=268"},"modified":"2021-12-17T09:33:43","modified_gmt":"2021-12-17T09:33:43","slug":"privatumo-politika","status":"publish","type":"page","link":"https:\/\/lignumsolidum.com\/lt\/privatumo-politika\/","title":{"rendered":"Privatumo politika"},"content":{"rendered":"\t\t<div data-elementor-type=\"wp-page\" data-elementor-id=\"268\" class=\"elementor elementor-268\" data-elementor-post-type=\"page\">\n\t\t\t\t\t\t<section class=\"elementor-section elementor-top-section elementor-element elementor-element-e0a72d0 elementor-section-boxed elementor-section-height-default elementor-section-height-default\" data-id=\"e0a72d0\" data-element_type=\"section\" data-e-type=\"section\">\n\t\t\t\t\t\t<div class=\"elementor-container elementor-column-gap-default\">\n\t\t\t\t\t<div class=\"elementor-column elementor-col-33 elementor-top-column elementor-element elementor-element-788c497\" data-id=\"788c497\" data-element_type=\"column\" data-e-type=\"column\">\n\t\t\t<div class=\"elementor-widget-wrap\">\n\t\t\t\t\t\t\t<\/div>\n\t\t<\/div>\n\t\t\t\t<div class=\"elementor-column elementor-col-33 elementor-top-column elementor-element elementor-element-27b713f animated-slow elementor-invisible\" data-id=\"27b713f\" data-element_type=\"column\" data-e-type=\"column\" data-settings=\"{&quot;animation&quot;:&quot;fadeIn&quot;}\">\n\t\t\t<div class=\"elementor-widget-wrap elementor-element-populated\">\n\t\t\t\t\t\t<div class=\"elementor-element elementor-element-8032371 elementor-widget elementor-widget-heading\" data-id=\"8032371\" data-element_type=\"widget\" data-e-type=\"widget\" data-widget_type=\"heading.default\">\n\t\t\t\t<div class=\"elementor-widget-container\">\n\t\t\t\t\t<h2 class=\"elementor-heading-title elementor-size-default\">Privatumo politika<\/h2>\t\t\t\t<\/div>\n\t\t\t\t<\/div>\n\t\t\t\t\t<\/div>\n\t\t<\/div>\n\t\t\t\t<div class=\"elementor-column elementor-col-33 elementor-top-column elementor-element elementor-element-6cda84b\" data-id=\"6cda84b\" data-element_type=\"column\" data-e-type=\"column\">\n\t\t\t<div class=\"elementor-widget-wrap\">\n\t\t\t\t\t\t\t<\/div>\n\t\t<\/div>\n\t\t\t\t\t<\/div>\n\t\t<\/section>\n\t\t\t\t<section class=\"elementor-section elementor-top-section elementor-element elementor-element-a58e0a5 elementor-section-boxed elementor-section-height-default elementor-section-height-default\" data-id=\"a58e0a5\" data-element_type=\"section\" data-e-type=\"section\">\n\t\t\t\t\t\t<div class=\"elementor-container elementor-column-gap-default\">\n\t\t\t\t\t<div class=\"elementor-column elementor-col-100 elementor-top-column elementor-element elementor-element-e0a2822\" data-id=\"e0a2822\" data-element_type=\"column\" data-e-type=\"column\">\n\t\t\t<div class=\"elementor-widget-wrap elementor-element-populated\">\n\t\t\t\t\t\t<div class=\"elementor-element elementor-element-c2d3766 animated-slow elementor-invisible elementor-widget elementor-widget-text-editor\" data-id=\"c2d3766\" data-element_type=\"widget\" data-e-type=\"widget\" data-settings=\"{&quot;_animation&quot;:&quot;fadeIn&quot;}\" data-widget_type=\"text-editor.default\">\n\t\t\t\t<div class=\"elementor-widget-container\">\n\t\t\t\t\t\t\t\t\t<p>D\u0116L ASMENS DUOMEN\u0172 TVARKYMO<br \/>\n\u0160iame privatumo prane\u0161ime yra pateikiama informacija apie UAB \u201e\u012emon\u0117&#8221; (toliau \u2013 \u012emon\u0117) vykdom\u0105 asmens duomen\u0173 tvarkym\u0105.<br \/>\n\u012emon\u0117 pripa\u017e\u012fsta, kad asmens duomen\u0173 apsauga yra svarbi jos klientams ir partneriams bei kitiems duomen\u0173 subjektams (toliau \u2013 duomen\u0173 subjektai), ir \u012fsipareigoja gerbti ir saugoti kiekvieno duomen\u0173 subjekto privatum\u0105.<br \/>\n\u0160is privatumo prane\u0161imas skirtas Jums, m\u016bs\u0173 klientams ir partneriams bei J\u016bs\u0173 atstovams (darbuotojams ir kitiems \u012fgaliotiems asmenims, kurie palaiko ry\u0161ius su \u012emon\u0117). Juo \u012emon\u0117 paai\u0161kina ir informuoja apie tai, kaip asmens duomenys yra tvarkomi ir kokias teises J\u016bs ir J\u016bs\u0173 atstovai turite.<br \/>\nTvarkydama asmens duomenis \u012emon\u0117 laikosi vis\u0173 teis\u0117s akt\u0173, reglamentuojan\u010di\u0173 asmens duomen\u0173 apsaug\u0105, kompetenting\u0173 institucij\u0173 nurodym\u0173, taip pat nustatyt\u0173 standart\u0173 ir proced\u016br\u0173, u\u017etikrinan\u010di\u0173, kad asmens duomenys b\u016bt\u0173 tvarkomi tiksliai, s\u0105\u017einingai, teis\u0117tai, skaidriai bei saugiai.<br \/>\nAsmens duomen\u0173 valdytojas \u2013 UAB \u201e\u012emon\u0117\u201c, juridinio asmens kodas 000000000, registracijos adresas: Gatv\u0117 g. 0, Miestas, el. pa\u0161tas: info@info.lt, tel. Nr._______________. \u012emon\u0117 yra paskyrusi atsaking\u0105 u\u017e asmens duomen\u0173 apsaug\u0105 asmen\u012f, su kuriuo galite susisiekti nurodytais kontaktais.<br \/>\nAsmens duomenis J\u016bs \u012emonei pateikiate savanori\u0161kai. \u012emon\u0117 juos privalo tvarkyti tam, kad gal\u0117t\u0173 sudaryti su Jumis sutartis, tinkamai \u012fvykdyti J\u016bs\u0173 at\u017evilgiu prisiimtus \u012fsipareigojimus ir kitas teisines prievoles. Jums nepateikus asmens duomen\u0173, \u012emon\u0117 negal\u0117s su Jumis sudaryti sandori\u0173 ir suteikti kit\u0173 Jums reikaling\u0173 paslaug\u0173.<br \/>\nAsmens duomen\u0173 tvarkymo tikslai ir teisiniai pagrindai \u2013 sutar\u010di\u0173 su klientais sudarymas ir vykdymas, \u012fskaitant \u012fsiskolinim\u0173 i\u0161 \u012fsipareigojimus nevykdan\u010di\u0173 pirk\u0117j\u0173 i\u0161ie\u0161kojim\u0105 (teisinis pagrindas: tvarkyti duomenis b\u016btina siekiant \u012fvykdyti sutart\u012f; taip pat tvarkyti duomenis b\u016btina siekiant teis\u0117t\u0173 \u012emon\u0117s ir J\u016bs\u0173 interes\u0173, kai \u012emon\u0117 tvarko J\u016bs\u0173 nurodyt\u0173 atstov\u0173, \u012fgaliot\u0173 palaikyti ry\u0161ius su \u012emone, asmens duomenis), privaloma \u016bkini\u0173 operacij\u0173 vykdymo apskaita (teisinis pagrindas: \u012emonei taikomos teisin\u0117s prievol\u0117s vykdymas), \u016bkini\u0173 operacij\u0173 analitika (statistika) (teisinis pagrindas: \u012emon\u0117s teis\u0117ti interesai analizuoti savo verslo operacijas bei vesti j\u0173 statistik\u0105).<br \/>\n\u012emon\u0117s tvarkom\u0173 asmens duomen\u0173 gav\u0117jai \u2013 \u012emon\u0117s darbuotojai, taip pat \u012emon\u0117s partneriai, kuriems, siekdami \u012fvykdyti \u012fsipareigojimus Jums, atskirais atvejais perduodame J\u016bs\u0173 u\u017esakym\u0173 \u012fvykdymui reikalingus asmens duomenis. Teis\u0117s akt\u0173 nustatytais atvejais, vykdydama savo prievoles, \u012emon\u0117 teikia J\u016bs\u0173 duomenis ir atitinkamoms valstyb\u0117s institucijoms.<br \/>\nKaip ir kod\u0117l renkame bei naudojame J\u016bs\u0173 asmens duomenis<br \/>\nUAB \u201e\u012emon\u0117\u201c yra reikalingi J\u016bs\u0173 asmens duomenys, kurie gali b\u016bti renkami toliau apra\u0161omais b\u016bdais. Privatumo politikoje nurodome, ko galite tik\u0117tis, kai \u012fmon\u0117 renka asmens duomenis apie:<br \/>\ninterneto svetain\u0117s (www.\u012fmone.lt) lankytojus;<br \/>\nsu mumis susisiekusius asmenis;<br \/>\nasmenis, \u012fsigijusius m\u016bs\u0173 gaminius;<br \/>\nkandidatus \u012f darbo viet\u0105.<br \/>\nSusisiekite su mumis<br \/>\nM\u016bs\u0173 interneto svetain\u0117je pateikta keletas b\u016bd\u0173, kaip galite su mumis susisiekti. Visus prane\u0161imus priimame, per\u017ei\u016brime ir atsakymus pateikiame patys. Nor\u0117dami susisiekti su mumis Interneto svetain\u0117je mums pateiksite savo vard\u0105, pavard\u0119, telefono numer\u012f, el.pa\u0161t\u0105. Jei su mumis susisieksite el. pa\u0161tu, mes tvarkysime tokius J\u016bs\u0173 duomenis: J\u016bs\u0173 vard\u0105, pavard\u0119, el. pa\u0161to adres\u0105 bei susira\u0161in\u0117jimo tekst\u0105. Tokie duomenys bus tvarkomi siekiant pasirengti sutarties vykdymui. Jei nepateiksite savo kontaktini\u0173 duomen\u0173, su jumis nebus \u012fmanoma susisiekti. Atkreipkite d\u0117mes\u012f, kad svetain\u0117je taip pat gali b\u016bti naudojama el. lai\u0161k\u0173 steb\u0117jimo ar blokavimo programin\u0117 \u012franga, ir J\u016bs privalote u\u017etikrinti, kad J\u016bs\u0173 siun\u010diamuose lai\u0161kuose neb\u016bt\u0173 neteis\u0117to turinio. Jei u\u017esakymas vykdomas, elektronin\u0117 u\u017esakymo versija saugoma nustatyta tvarka, o jei u\u017esakymas nevykdomas, u\u017eklausimo forma ir susira\u0161in\u0117jimai yra i\u0161trinami i\u0161 \u012fmon\u0117s elektroninio pa\u0161to, i\u0161skyrus informacij\u0105, kurios saugojimui Privatumo politikoje ar teis\u0117s aktuose nustatyti kiti terminai.<br \/>\nVisi asmens duomenys, kuriuos pateikiate bendraudami su mumis, yra naudojami tik auk\u0161\u010diau nurodytais tikslais ir prane\u0161imams per\u017ei\u016br\u0117ti bei komunikacijos srautams administruoti ir valdyti. \u012esipareigojame be ai\u0161kaus J\u016bs\u0173 sutikimo nenaudoti J\u016bs\u0173 asmens duomen\u0173 jokiuose leidiniuose taip, kad b\u016bt\u0173 \u012fmanoma nustatyti J\u016bs\u0173 asmens tapatyb\u0119. Pra\u0161ome atkreipti d\u0117mes\u012f, kad mums gali tekti susisiekti su Jumis pa\u0161tu, el. pa\u0161tu arba telefonu. Neu\u017emir\u0161kite prane\u0161ti mums apie J\u016bs\u0173 asmens duomen\u0173 pasikeitimus.<br \/>\nPaprastai mes neatskleid\u017eiame J\u016bs\u0173 asmens duomen\u0173, ta\u010diau tam, kad b\u016bt\u0173 u\u017etikrintas nepertraukiamas veiklos t\u0119stinumas ir tinkamas paslaug\u0173 teikimas bei preki\u0173 pristatymas, mes atskleid\u017eiame informacij\u0105 apie Jus m\u016bs\u0173 darbuotojams: administracijai, vadybininkams, gamybos meistrui, jei pagr\u012fstai reikia tiems tikslams, kaip nurodyta \u0161ioje Privatumo politikoje. Tam tikromis aplinkyb\u0117mis galime b\u016bti \u012fpareigoti perduoti asmens duomenis, kai:<br \/>\n1. informacij\u0105 turime atskleisti pagal \u012fstatymus, \u012fskaitant atvejus, kai asmens duomenis turime atskleisti mokes\u010di\u0173 administratoriui ir teis\u0117saugos institucijoms nusikaltim\u0173 prevencijos bei aptikimo tikslais;<br \/>\n2. asmens duomenis turime atskleisti d\u0117l teisini\u0173 proced\u016br\u0173 arba siekdami gauti teisin\u0119 konsultacij\u0105, arba juos atskleisti yra b\u016btina siekiant nustatyti, \u012fgyvendinti arba apginti m\u016bs\u0173 teises;<br \/>\n3. informacij\u0105 b\u016btina atskleisti siekiant apsaugoti m\u016bs\u0173 arba kit\u0173 asmen\u0173 interesus (pavyzd\u017eiui, u\u017ekirsti keli\u0105 suk\u010diavimui);<br \/>\n4. informacij\u0105 b\u016btina atskleisti siekiant apsaugoti J\u016bs\u0173 gyvybi\u0161kai svarbius interesus (pavyzd\u017eiui, jei pasijuntate blogai m\u016bs\u0173 patalpose ir mums tenka kreiptis medicinin\u0117s pagalbos);<br \/>\n\u012emon\u0117 tvarkomus asmens duomenis saugo ne ilgiau, negu to reikalauja duomen\u0173 tvarkymo tikslai ar numato teis\u0117s aktai arba pasibaigia bet koki\u0173 pretenzij\u0173 senaties terminas.<br \/>\nJ\u016bs turite teis\u0119 pra\u0161yti, kad \u012emon\u0117 leist\u0173 susipa\u017einti su J\u016bs\u0173 tvarkomais asmens duomenimis, pra\u0161yti juos i\u0161taisyti arba i\u0161trinti, arba apriboti duomen\u0173 tvarkym\u0105, arba teis\u0119 nesutikti, kad duomenys b\u016bt\u0173 tvarkomi, taip pat teis\u0119 \u012f duomen\u0173 perkeliamum\u0105.<br \/>\nKai \u012emon\u0117 J\u016bs\u0173 asmens duomenis tvarko teis\u0117t\u0173 interes\u0173 pagrindu, J\u016bs turite teis\u0119 d\u0117l su J\u016bs\u0173 konkre\u010diu atveju susijusi\u0173 prie\u017eas\u010di\u0173 bet kuriuo metu nesutikti, kad su Jumis susij\u0119 asmens duomenys \u012emon\u0117je b\u016bt\u0173 tvarkomi.<br \/>\nTeis\u0117 reikalauti i\u0161trinti duomenis, teis\u0117 apriboti duomen\u0173 tvarkym\u0105, teis\u0117 \u012f duomen\u0173 perkeliamum\u0105 ir teis\u0117 nesutikti su duomen\u0173 tvarkymu n\u0117ra absoliu\u010dios ir teis\u0117s aktai gali numatyti papildom\u0173 s\u0105lyg\u0173 j\u0173 \u012fgyvendinimui.<br \/>\nJ\u016bs turite teis\u0119 pra\u0161yti m\u016bs\u0173 i\u0161trinti J\u016bs\u0173 asmens duomenis. Pra\u0161ome atkreipti d\u0117mes\u012f, kad tok\u012f pra\u0161ym\u0105 gal\u0117sime \u012fvykdyti tik, jei:<br \/>\nJ\u016bs\u0173 asmens duomenys yra nebereikalingi tikslams, kuriems jie buvo surinkti, \u012fgyvendinti (pavyzd\u017eiui, mums reikalingi J\u016bs\u0173 asmens duomenys, kad gal\u0117tume atsakyti \u012f J\u016bs\u0173 lai\u0161kus);<br \/>\nrinkti, saugoti arba naudoti asmens duomenis mums draud\u017eia \u012fstatymai;<br \/>\nJ\u016bs\u0173 asmens duomenys yra nereikalingi siekiant nustatyti, \u012fgyvendinti arba ginti teisin\u012f reikalavim\u0105, pavyzd\u017eiui, teisiniame procese.<br \/>\nJ\u016bs turite teis\u0119 pra\u0161yti m\u016bs\u0173 riboti J\u016bs\u0173 asmens duomen\u0173 tvarkym\u0105 arba j\u0173 netvarkyti:<br \/>\nlaikotarpiu, kurio reikia tam, kad \u012fsitikintum\u0117me J\u016bs\u0173 asmens duomen\u0173 tikslumu, kai pateikiate pretenzijas d\u0117l duomen\u0173 tikslumo;<br \/>\nkai m\u016bs\u0173 vykdomas J\u016bs\u0173 asmens duomen\u0173 rinkimas, saugojimas arba naudojimas yra neteis\u0117tas, ta\u010diau nusprend\u017eiate nepra\u0161yti i\u0161trinti duomen\u0173;<br \/>\nkai J\u016bs\u0173 asmens duomenys mums yra nebereikalingi, ta\u010diau Jums j\u0173 reikia, kad gal\u0117tum\u0117te nustatyti, \u012fvykdyti arba apginti teisin\u012f reikalavim\u0105;<br \/>\nlaikotarpiu, kurio reikia tam, kad b\u016bt\u0173 nustatyta, ar mes turime svarbesn\u012f teisin\u012f pagrind\u0105 ir toliau tvarkyti J\u016bs\u0173 asmens duomenis, jei pasinaudojote savo teise i\u0161reik\u0161ti prie\u0161taravim\u0105 d\u0117l asmens duomen\u0173 tvarkymo.<br \/>\n J\u016bs turite teis\u0119 \u012f duomen\u0173, kuriuos i\u0161 J\u016bs\u0173 gavome Jums sutinkant arba sutarties sudarymo tikslais, perk\u0117lim\u0105. Jums pasinaudojus \u0161ia teise, J\u016bs\u0173 pra\u0161ymu perkelsime J\u016bs\u0173 pateikt\u0173 duomen\u0173 kopij\u0105.<br \/>\nJ\u016bs turite teis\u0119 nesutikti, kad mes naudotum\u0117me J\u016bs\u0173 asmens duomenis:<br \/>\nkai tokius duomenis naudojame siekdami u\u017etikrinti savo teis\u0117tus interesus, ta\u010diau neturime svarbesnio teisinio pagrindo ir toliau naudoti J\u016bs\u0173 asmens duomenis;<br \/>\nSkundai<br \/>\nEsate mums svarb\u016bs ir mums svarbu u\u017etikrinti J\u016bs\u0173 asmens duomen\u0173 apsaug\u0105. Asmens duomen\u0173 rinkimui ir naudojimui taikome grie\u017etus standartus. Taigi labai rimtai vertiname bet kokius skundus, susijusius su J\u016bs\u0173 asmens duomen\u0173 naudojimu, ir pra\u0161ome prane\u0161ti mums apie bet kokias su tuo susijusias problemas. Kai susisiekiate su mumis nor\u0117dami pateikti skund\u0105, J\u016bs\u0173 asmens duomenis naudojame tik skundui i\u0161nagrin\u0117ti ir atsakymui pateikti bei m\u016bs\u0173 teikiam\u0173 paslaug\u0173 kokybei \u012fvertinti. Gavus skund\u0105 d\u0117l m\u016bs\u0173 komandos nario, mums gali tekti atskleisti \u0161iam asmeniui J\u016bs\u0173 asmens tapatyb\u0119. J\u016bs galite nurodyti, kad nepageidaujate, jog J\u016bs\u0173 asmens tapatyb\u0119 atskleid\u017eianti informacija b\u016bt\u0173 atskleista, ir mes stengsim\u0117s atsi\u017evelgti \u012f J\u016bs\u0173 pra\u0161ym\u0105. Vis d\u0117lto, i\u0161nagrin\u0117ti skund\u0105 anonimi\u0161kai ne visada gali b\u016bti \u012fmanoma. Jei esate nepatenkinti m\u016bs\u0173 atsakymu, J\u016bs taip pat galite pateikti skund\u0105 tiesiogiai Valstybinei duomen\u0173 apsaugos inspekcijai. J\u016bs taip pat turi teis\u0119 pateikti skund\u0105 prie\u017ei\u016bros institucijai, valstyb\u0117je nar\u0117je, kurioje yra J\u016bs\u0173 nuolatin\u0117 gyvenamoji vieta, darbo vieta arba vieta, kurioje padarytas \u012ftariamas pa\u017eeidimas.<br \/>\nJeigu Jums kelia susir\u016bpinim\u0105 \u012emon\u0117s veiksmai\/neveikimas, d\u0117l ko J\u016bs manote, kad galimai nesilaikoma \u0161io privatumo prane\u0161imo arba teis\u0117s akt\u0173 reikalavim\u0173, galite bet kada kreiptis \u012f \u012emon\u0119, bet kuriuo Jums patogiu b\u016bdu.<br \/>\nNepavykus i\u0161spr\u0119sti klausimo su \u012emone, J\u016bs turite teis\u0119 kreiptis \u012f Valstybin\u0119 duomen\u0173 apsaugos inspekcij\u0105, kuri atsakinga u\u017e asmens duomen\u0173 apsaug\u0105 reglamentuojan\u010di\u0173 teis\u0117s akt\u0173 prie\u017ei\u016br\u0105 ir kontrol\u0119.<br \/>\nPrireikus, \u012emon\u0117 turi teis\u0119 atnaujinti auk\u0161\u010diau nurodyt\u0105 informacij\u0105.<\/p>\n\t\t\t\t\t\t\t\t<\/div>\n\t\t\t\t<\/div>\n\t\t\t\t\t<\/div>\n\t\t<\/div>\n\t\t\t\t\t<\/div>\n\t\t<\/section>\n\t\t\t\t<\/div>\n\t\t","protected":false},"excerpt":{"rendered":"<p>Privatumo politika D\u0116L ASMENS DUOMEN\u0172 TVARKYMO \u0160iame privatumo prane\u0161ime yra pateikiama informacija apie UAB \u201e\u012emon\u0117&#8221; (toliau \u2013 \u012emon\u0117) vykdom\u0105 asmens duomen\u0173 tvarkym\u0105. \u012emon\u0117 pripa\u017e\u012fsta, kad asmens duomen\u0173 apsauga yra svarbi jos klientams ir partneriams bei kitiems duomen\u0173 subjektams (toliau \u2013 duomen\u0173 subjektai), ir \u012fsipareigoja gerbti ir saugoti kiekvieno duomen\u0173 subjekto privatum\u0105. \u0160is privatumo prane\u0161imas skirtas [&hellip;]<\/p>\n","protected":false},"author":1,"featured_media":0,"parent":0,"menu_order":0,"comment_status":"closed","ping_status":"closed","template":"elementor_header_footer","meta":{"_monsterinsights_skip_tracking":false,"_monsterinsights_sitenote_active":false,"_monsterinsights_sitenote_note":"","_monsterinsights_sitenote_category":0,"ocean_post_layout":"","ocean_both_sidebars_style":"","ocean_both_sidebars_content_width":0,"ocean_both_sidebars_sidebars_width":0,"ocean_sidebar":"0","ocean_second_sidebar":"0","ocean_disable_margins":"enable","ocean_add_body_class":"","ocean_shortcode_before_top_bar":"","ocean_shortcode_after_top_bar":"","ocean_shortcode_before_header":"","ocean_shortcode_after_header":"","ocean_has_shortcode":"","ocean_shortcode_after_title":"","ocean_shortcode_before_footer_widgets":"","ocean_shortcode_after_footer_widgets":"","ocean_shortcode_before_footer_bottom":"","ocean_shortcode_after_footer_bottom":"","ocean_display_top_bar":"default","ocean_display_header":"default","ocean_header_style":"","ocean_center_header_left_menu":"0","ocean_custom_header_template":"0","ocean_custom_logo":0,"ocean_custom_retina_logo":0,"ocean_custom_logo_max_width":0,"ocean_custom_logo_tablet_max_width":0,"ocean_custom_logo_mobile_max_width":0,"ocean_custom_logo_max_height":0,"ocean_custom_logo_tablet_max_height":0,"ocean_custom_logo_mobile_max_height":0,"ocean_header_custom_menu":"0","ocean_menu_typo_font_family":"0","ocean_menu_typo_font_subset":"","ocean_menu_typo_font_size":0,"ocean_menu_typo_font_size_tablet":0,"ocean_menu_typo_font_size_mobile":0,"ocean_menu_typo_font_size_unit":"px","ocean_menu_typo_font_weight":"","ocean_menu_typo_font_weight_tablet":"","ocean_menu_typo_font_weight_mobile":"","ocean_menu_typo_transform":"","ocean_menu_typo_transform_tablet":"","ocean_menu_typo_transform_mobile":"","ocean_menu_typo_line_height":0,"ocean_menu_typo_line_height_tablet":0,"ocean_menu_typo_line_height_mobile":0,"ocean_menu_typo_line_height_unit":"","ocean_menu_typo_spacing":0,"ocean_menu_typo_spacing_tablet":0,"ocean_menu_typo_spacing_mobile":0,"ocean_menu_typo_spacing_unit":"","ocean_menu_link_color":"","ocean_menu_link_color_hover":"","ocean_menu_link_color_active":"","ocean_menu_link_background":"","ocean_menu_link_hover_background":"","ocean_menu_link_active_background":"","ocean_menu_social_links_bg":"","ocean_menu_social_hover_links_bg":"","ocean_menu_social_links_color":"","ocean_menu_social_hover_links_color":"","ocean_disable_title":"default","ocean_disable_heading":"default","ocean_post_title":"","ocean_post_subheading":"","ocean_post_title_style":"","ocean_post_title_background_color":"","ocean_post_title_background":0,"ocean_post_title_bg_image_position":"","ocean_post_title_bg_image_attachment":"","ocean_post_title_bg_image_repeat":"","ocean_post_title_bg_image_size":"","ocean_post_title_height":0,"ocean_post_title_bg_overlay":0.5,"ocean_post_title_bg_overlay_color":"","ocean_disable_breadcrumbs":"default","ocean_breadcrumbs_color":"","ocean_breadcrumbs_separator_color":"","ocean_breadcrumbs_links_color":"","ocean_breadcrumbs_links_hover_color":"","ocean_display_footer_widgets":"default","ocean_display_footer_bottom":"default","ocean_custom_footer_template":"0","footnotes":""},"class_list":["post-268","page","type-page","status-publish","hentry","entry"],"_links":{"self":[{"href":"https:\/\/lignumsolidum.com\/lt\/wp-json\/wp\/v2\/pages\/268","targetHints":{"allow":["GET"]}}],"collection":[{"href":"https:\/\/lignumsolidum.com\/lt\/wp-json\/wp\/v2\/pages"}],"about":[{"href":"https:\/\/lignumsolidum.com\/lt\/wp-json\/wp\/v2\/types\/page"}],"author":[{"embeddable":true,"href":"https:\/\/lignumsolidum.com\/lt\/wp-json\/wp\/v2\/users\/1"}],"replies":[{"embeddable":true,"href":"https:\/\/lignumsolidum.com\/lt\/wp-json\/wp\/v2\/comments?post=268"}],"version-history":[{"count":3,"href":"https:\/\/lignumsolidum.com\/lt\/wp-json\/wp\/v2\/pages\/268\/revisions"}],"predecessor-version":[{"id":319,"href":"https:\/\/lignumsolidum.com\/lt\/wp-json\/wp\/v2\/pages\/268\/revisions\/319"}],"wp:attachment":[{"href":"https:\/\/lignumsolidum.com\/lt\/wp-json\/wp\/v2\/media?parent=268"}],"curies":[{"name":"wp","href":"https:\/\/api.w.org\/{rel}","templated":true}]}}