{"id":270,"date":"2021-12-17T09:03:30","date_gmt":"2021-12-17T09:03:30","guid":{"rendered":"https:\/\/lignumsolidum.com\/?page_id=270"},"modified":"2023-06-18T23:20:20","modified_gmt":"2023-06-18T20:20:20","slug":"pjautine-mediena","status":"publish","type":"page","link":"https:\/\/lignumsolidum.com\/lt\/pjautine-mediena\/","title":{"rendered":"Pjautin\u0117 mediena"},"content":{"rendered":"\t\t<div data-elementor-type=\"wp-page\" data-elementor-id=\"270\" class=\"elementor elementor-270\" data-elementor-post-type=\"page\">\n\t\t\t\t\t\t<section class=\"elementor-section elementor-top-section elementor-element elementor-element-f0b0000 elementor-section-full_width elementor-section-height-default elementor-section-height-default\" data-id=\"f0b0000\" data-element_type=\"section\" data-e-type=\"section\">\n\t\t\t\t\t\t<div class=\"elementor-container elementor-column-gap-default\">\n\t\t\t\t\t<div class=\"elementor-column elementor-col-100 elementor-top-column elementor-element elementor-element-b2e8758\" data-id=\"b2e8758\" data-element_type=\"column\" data-e-type=\"column\">\n\t\t\t<div class=\"elementor-widget-wrap elementor-element-populated\">\n\t\t\t\t\t\t<div class=\"elementor-element elementor-element-aab7700 elementor-widget elementor-widget-gallery\" data-id=\"aab7700\" data-element_type=\"widget\" data-e-type=\"widget\" data-settings=\"{&quot;columns_mobile&quot;:2,&quot;lazyload&quot;:&quot;yes&quot;,&quot;gallery_layout&quot;:&quot;grid&quot;,&quot;columns&quot;:4,&quot;columns_tablet&quot;:2,&quot;gap&quot;:{&quot;unit&quot;:&quot;px&quot;,&quot;size&quot;:10,&quot;sizes&quot;:[]},&quot;gap_tablet&quot;:{&quot;unit&quot;:&quot;px&quot;,&quot;size&quot;:10,&quot;sizes&quot;:[]},&quot;gap_mobile&quot;:{&quot;unit&quot;:&quot;px&quot;,&quot;size&quot;:10,&quot;sizes&quot;:[]},&quot;link_to&quot;:&quot;file&quot;,&quot;aspect_ratio&quot;:&quot;3:2&quot;,&quot;overlay_background&quot;:&quot;yes&quot;,&quot;content_hover_animation&quot;:&quot;fade-in&quot;}\" data-widget_type=\"gallery.default\">\n\t\t\t\t<div class=\"elementor-widget-container\">\n\t\t\t\t\t\t\t<div class=\"elementor-gallery__container\">\n\t\t\t\t\t\t\t<a class=\"e-gallery-item elementor-gallery-item elementor-animated-content\" href=\"https:\/\/lignumsolidum.com\/wp-content\/uploads\/2021\/11\/sawn-3.jpg\" data-elementor-open-lightbox=\"yes\" data-elementor-lightbox-slideshow=\"aab7700\" data-e-action-hash=\"#elementor-action%3Aaction%3Dlightbox%26settings%3DeyJpZCI6MjIsInVybCI6Imh0dHBzOlwvXC9saWdudW1zb2xpZHVtLmNvbVwvd3AtY29udGVudFwvdXBsb2Fkc1wvMjAyMVwvMTFcL3Nhd24tMy5qcGciLCJzbGlkZXNob3ciOiJhYWI3NzAwIn0%3D\">\n\t\t\t\t\t<div class=\"e-gallery-image elementor-gallery-item__image\" data-thumbnail=\"https:\/\/lignumsolidum.com\/wp-content\/uploads\/2021\/11\/sawn-3.jpg\" data-width=\"612\" data-height=\"408\" aria-label=\"\" role=\"img\" ><\/div>\n\t\t\t\t\t\t\t\t\t\t\t<div class=\"elementor-gallery-item__overlay\"><\/div>\n\t\t\t\t\t\t\t\t\t\t\t\t\t\t<\/a>\n\t\t\t\t\t\t\t<a class=\"e-gallery-item elementor-gallery-item elementor-animated-content\" href=\"https:\/\/lignumsolidum.com\/wp-content\/uploads\/2021\/11\/pjautine-1.png\" data-elementor-open-lightbox=\"yes\" data-elementor-lightbox-slideshow=\"aab7700\" data-e-action-hash=\"#elementor-action%3Aaction%3Dlightbox%26settings%3DeyJpZCI6MjEsInVybCI6Imh0dHBzOlwvXC9saWdudW1zb2xpZHVtLmNvbVwvd3AtY29udGVudFwvdXBsb2Fkc1wvMjAyMVwvMTFcL3BqYXV0aW5lLTEucG5nIiwic2xpZGVzaG93IjoiYWFiNzcwMCJ9\">\n\t\t\t\t\t<div class=\"e-gallery-image elementor-gallery-item__image\" data-thumbnail=\"https:\/\/lignumsolidum.com\/wp-content\/uploads\/2021\/11\/pjautine-1.png\" data-width=\"1065\" data-height=\"705\" aria-label=\"\" role=\"img\" ><\/div>\n\t\t\t\t\t\t\t\t\t\t\t<div class=\"elementor-gallery-item__overlay\"><\/div>\n\t\t\t\t\t\t\t\t\t\t\t\t\t\t<\/a>\n\t\t\t\t\t\t\t<a class=\"e-gallery-item elementor-gallery-item elementor-animated-content\" href=\"https:\/\/lignumsolidum.com\/wp-content\/uploads\/2021\/11\/sawn-4.jpg\" data-elementor-open-lightbox=\"yes\" data-elementor-lightbox-slideshow=\"aab7700\" data-e-action-hash=\"#elementor-action%3Aaction%3Dlightbox%26settings%3DeyJpZCI6MjMsInVybCI6Imh0dHBzOlwvXC9saWdudW1zb2xpZHVtLmNvbVwvd3AtY29udGVudFwvdXBsb2Fkc1wvMjAyMVwvMTFcL3Nhd24tNC5qcGciLCJzbGlkZXNob3ciOiJhYWI3NzAwIn0%3D\">\n\t\t\t\t\t<div class=\"e-gallery-image elementor-gallery-item__image\" data-thumbnail=\"https:\/\/lignumsolidum.com\/wp-content\/uploads\/2021\/11\/sawn-4.jpg\" data-width=\"612\" data-height=\"408\" aria-label=\"\" role=\"img\" ><\/div>\n\t\t\t\t\t\t\t\t\t\t\t<div class=\"elementor-gallery-item__overlay\"><\/div>\n\t\t\t\t\t\t\t\t\t\t\t\t\t\t<\/a>\n\t\t\t\t\t\t\t<a class=\"e-gallery-item elementor-gallery-item elementor-animated-content\" href=\"https:\/\/lignumsolidum.com\/wp-content\/uploads\/2021\/11\/sawn-timber-pjautine-2.jpg\" data-elementor-open-lightbox=\"yes\" data-elementor-lightbox-slideshow=\"aab7700\" data-e-action-hash=\"#elementor-action%3Aaction%3Dlightbox%26settings%3DeyJpZCI6MjQsInVybCI6Imh0dHBzOlwvXC9saWdudW1zb2xpZHVtLmNvbVwvd3AtY29udGVudFwvdXBsb2Fkc1wvMjAyMVwvMTFcL3Nhd24tdGltYmVyLXBqYXV0aW5lLTIuanBnIiwic2xpZGVzaG93IjoiYWFiNzcwMCJ9\">\n\t\t\t\t\t<div class=\"e-gallery-image elementor-gallery-item__image\" data-thumbnail=\"https:\/\/lignumsolidum.com\/wp-content\/uploads\/2021\/11\/sawn-timber-pjautine-2.jpg\" data-width=\"612\" data-height=\"393\" aria-label=\"\" role=\"img\" ><\/div>\n\t\t\t\t\t\t\t\t\t\t\t<div class=\"elementor-gallery-item__overlay\"><\/div>\n\t\t\t\t\t\t\t\t\t\t\t\t\t\t<\/a>\n\t\t\t\t\t<\/div>\n\t\t\t\t\t<\/div>\n\t\t\t\t<\/div>\n\t\t\t\t\t<\/div>\n\t\t<\/div>\n\t\t\t\t\t<\/div>\n\t\t<\/section>\n\t\t\t\t<section class=\"elementor-section elementor-top-section elementor-element elementor-element-e0a72d0 elementor-section-boxed elementor-section-height-default elementor-section-height-default\" data-id=\"e0a72d0\" data-element_type=\"section\" data-e-type=\"section\">\n\t\t\t\t\t\t<div class=\"elementor-container elementor-column-gap-default\">\n\t\t\t\t\t<div class=\"elementor-column elementor-col-50 elementor-top-column elementor-element elementor-element-27b713f animated-slow elementor-invisible\" data-id=\"27b713f\" data-element_type=\"column\" data-e-type=\"column\" data-settings=\"{&quot;animation&quot;:&quot;fadeIn&quot;}\">\n\t\t\t<div class=\"elementor-widget-wrap elementor-element-populated\">\n\t\t\t\t\t\t<div class=\"elementor-element elementor-element-8032371 elementor-widget elementor-widget-heading\" data-id=\"8032371\" data-element_type=\"widget\" data-e-type=\"widget\" data-widget_type=\"heading.default\">\n\t\t\t\t<div class=\"elementor-widget-container\">\n\t\t\t\t\t<h1 class=\"elementor-heading-title elementor-size-default\">Pjautin\u0117 mediena<\/h1>\t\t\t\t<\/div>\n\t\t\t\t<\/div>\n\t\t\t\t\t<\/div>\n\t\t<\/div>\n\t\t\t\t<div class=\"elementor-column elementor-col-50 elementor-top-column elementor-element elementor-element-6cda84b\" data-id=\"6cda84b\" data-element_type=\"column\" data-e-type=\"column\">\n\t\t\t<div class=\"elementor-widget-wrap elementor-element-populated\">\n\t\t\t\t\t\t<div class=\"elementor-element elementor-element-c2d3766 animated-slow elementor-invisible elementor-widget elementor-widget-text-editor\" data-id=\"c2d3766\" data-element_type=\"widget\" data-e-type=\"widget\" data-settings=\"{&quot;_animation&quot;:&quot;fadeIn&quot;}\" data-widget_type=\"text-editor.default\">\n\t\t\t\t<div class=\"elementor-widget-container\">\n\t\t\t\t\t\t\t\t\t<p>Tiekiame maumed\u017eio, egl\u0117s ir pu\u0161ies pjautin\u0119 medienos \u017ealiav\u0105. Dvigubo pjovimo mediena turi sta\u010diakampio formos skerspj\u016bv\u012f, kuris gaunamas pjaustant r\u0105st\u0105 i\u0161ilgai ir papildomai nupjaunant likusius du kra\u0161tus. Taip i\u0161pjautos lentos d\u017eiovinamos ir yra pagrindinis ruo\u0161inys tolimesniems medienos gaminiams. Dvigubo pjovimo mediena naudojama kaip konstrukcin\u0117 med\u017eiaga arba \u012fvairios lentos, ta\u0161ai, gegn\u0117s, sijos. Taip pat ji naudojama obliuoti apdailos gaminiams kaip terasin\u0117s lentos, lauko ir vidaus dailylent\u0117s, tvoros elementai, klijuotos sijos, bald\u0173 elementai ir pana\u0161iai. I\u0161 dvigubo pjovimo egl\u0117s medienos kalibruojama graduota konstrukcin\u0117 mediena karkasini\u0173 ir modulini\u0173 nam\u0173 statybai. M\u016bs\u0173 mediena derinama pagal eksportinio GOST 26002-83 standarto reikalavimus. Pjautin\u0117 spygliuo\u010di\u0173 mediena gali b\u016bti impregnuota u\u017esakovo pageidavimu. <\/p>\n<p>Si\u016blome standartinius statybin\u0117s medienos gabaritus:&nbsp; <\/p>\n<ul>\n<li>storiai \u2013 25; 32; 50; 75; 100 (mm);\n<\/li>\n<li>plo\u010diai \u2013 50; 75; 100; 125; 150; 175; 200 (mm);\n<\/li>\n<li> ilgiai \u2013 4000; 6000 (mm). <\/li>\n<\/ul>\n<p>Ta\u010diau galime derinti ir nestandartini\u0173 gabarit\u0173 u\u017esakymus.<\/p>\t\t\t\t\t\t\t\t<\/div>\n\t\t\t\t<\/div>\n\t\t\t\t\t<\/div>\n\t\t<\/div>\n\t\t\t\t\t<\/div>\n\t\t<\/section>\n\t\t\t\t<\/div>\n\t\t","protected":false},"excerpt":{"rendered":"<p>Pjautin\u0117 mediena Tiekiame maumed\u017eio, egl\u0117s ir pu\u0161ies pjautin\u0119 medienos \u017ealiav\u0105. Dvigubo pjovimo mediena turi sta\u010diakampio formos skerspj\u016bv\u012f, kuris gaunamas pjaustant r\u0105st\u0105 i\u0161ilgai ir papildomai nupjaunant likusius du kra\u0161tus. Taip i\u0161pjautos lentos d\u017eiovinamos ir yra pagrindinis ruo\u0161inys tolimesniems medienos gaminiams. Dvigubo pjovimo mediena naudojama kaip konstrukcin\u0117 med\u017eiaga arba \u012fvairios lentos, ta\u0161ai, gegn\u0117s, sijos. Taip pat ji [&hellip;]<\/p>\n","protected":false},"author":1,"featured_media":0,"parent":0,"menu_order":0,"comment_status":"closed","ping_status":"closed","template":"elementor_header_footer","meta":{"_monsterinsights_skip_tracking":false,"_monsterinsights_sitenote_active":false,"_monsterinsights_sitenote_note":"","_monsterinsights_sitenote_category":0,"ocean_post_layout":"","ocean_both_sidebars_style":"","ocean_both_sidebars_content_width":0,"ocean_both_sidebars_sidebars_width":0,"ocean_sidebar":"0","ocean_second_sidebar":"0","ocean_disable_margins":"enable","ocean_add_body_class":"","ocean_shortcode_before_top_bar":"","ocean_shortcode_after_top_bar":"","ocean_shortcode_before_header":"","ocean_shortcode_after_header":"","ocean_has_shortcode":"","ocean_shortcode_after_title":"","ocean_shortcode_before_footer_widgets":"","ocean_shortcode_after_footer_widgets":"","ocean_shortcode_before_footer_bottom":"","ocean_shortcode_after_footer_bottom":"","ocean_display_top_bar":"default","ocean_display_header":"default","ocean_header_style":"","ocean_center_header_left_menu":"0","ocean_custom_header_template":"0","ocean_custom_logo":0,"ocean_custom_retina_logo":0,"ocean_custom_logo_max_width":0,"ocean_custom_logo_tablet_max_width":0,"ocean_custom_logo_mobile_max_width":0,"ocean_custom_logo_max_height":0,"ocean_custom_logo_tablet_max_height":0,"ocean_custom_logo_mobile_max_height":0,"ocean_header_custom_menu":"0","ocean_menu_typo_font_family":"0","ocean_menu_typo_font_subset":"","ocean_menu_typo_font_size":0,"ocean_menu_typo_font_size_tablet":0,"ocean_menu_typo_font_size_mobile":0,"ocean_menu_typo_font_size_unit":"px","ocean_menu_typo_font_weight":"","ocean_menu_typo_font_weight_tablet":"","ocean_menu_typo_font_weight_mobile":"","ocean_menu_typo_transform":"","ocean_menu_typo_transform_tablet":"","ocean_menu_typo_transform_mobile":"","ocean_menu_typo_line_height":0,"ocean_menu_typo_line_height_tablet":0,"ocean_menu_typo_line_height_mobile":0,"ocean_menu_typo_line_height_unit":"","ocean_menu_typo_spacing":0,"ocean_menu_typo_spacing_tablet":0,"ocean_menu_typo_spacing_mobile":0,"ocean_menu_typo_spacing_unit":"","ocean_menu_link_color":"","ocean_menu_link_color_hover":"","ocean_menu_link_color_active":"","ocean_menu_link_background":"","ocean_menu_link_hover_background":"","ocean_menu_link_active_background":"","ocean_menu_social_links_bg":"","ocean_menu_social_hover_links_bg":"","ocean_menu_social_links_color":"","ocean_menu_social_hover_links_color":"","ocean_disable_title":"default","ocean_disable_heading":"default","ocean_post_title":"","ocean_post_subheading":"","ocean_post_title_style":"","ocean_post_title_background_color":"","ocean_post_title_background":0,"ocean_post_title_bg_image_position":"","ocean_post_title_bg_image_attachment":"","ocean_post_title_bg_image_repeat":"","ocean_post_title_bg_image_size":"","ocean_post_title_height":0,"ocean_post_title_bg_overlay":0.5,"ocean_post_title_bg_overlay_color":"","ocean_disable_breadcrumbs":"default","ocean_breadcrumbs_color":"","ocean_breadcrumbs_separator_color":"","ocean_breadcrumbs_links_color":"","ocean_breadcrumbs_links_hover_color":"","ocean_display_footer_widgets":"default","ocean_display_footer_bottom":"default","ocean_custom_footer_template":"0","footnotes":""},"class_list":["post-270","page","type-page","status-publish","hentry","entry"],"_links":{"self":[{"href":"https:\/\/lignumsolidum.com\/lt\/wp-json\/wp\/v2\/pages\/270","targetHints":{"allow":["GET"]}}],"collection":[{"href":"https:\/\/lignumsolidum.com\/lt\/wp-json\/wp\/v2\/pages"}],"about":[{"href":"https:\/\/lignumsolidum.com\/lt\/wp-json\/wp\/v2\/types\/page"}],"author":[{"embeddable":true,"href":"https:\/\/lignumsolidum.com\/lt\/wp-json\/wp\/v2\/users\/1"}],"replies":[{"embeddable":true,"href":"https:\/\/lignumsolidum.com\/lt\/wp-json\/wp\/v2\/comments?post=270"}],"version-history":[{"count":16,"href":"https:\/\/lignumsolidum.com\/lt\/wp-json\/wp\/v2\/pages\/270\/revisions"}],"predecessor-version":[{"id":596,"href":"https:\/\/lignumsolidum.com\/lt\/wp-json\/wp\/v2\/pages\/270\/revisions\/596"}],"wp:attachment":[{"href":"https:\/\/lignumsolidum.com\/lt\/wp-json\/wp\/v2\/media?parent=270"}],"curies":[{"name":"wp","href":"https:\/\/api.w.org\/{rel}","templated":true}]}}