{"id":272,"date":"2021-12-17T09:04:03","date_gmt":"2021-12-17T09:04:03","guid":{"rendered":"https:\/\/lignumsolidum.com\/?page_id=272"},"modified":"2023-06-18T22:55:57","modified_gmt":"2023-06-18T19:55:57","slug":"isskirtinis-sibiro-maumedis","status":"publish","type":"page","link":"https:\/\/lignumsolidum.com\/lt\/isskirtinis-sibiro-maumedis\/","title":{"rendered":"I\u0161skirtinis Sibiro maumedis"},"content":{"rendered":"\t\t<div data-elementor-type=\"wp-page\" data-elementor-id=\"272\" class=\"elementor elementor-272\" data-elementor-post-type=\"page\">\n\t\t\t\t\t\t<section class=\"elementor-section elementor-top-section elementor-element elementor-element-e0a72d0 elementor-section-boxed elementor-section-height-default elementor-section-height-default\" data-id=\"e0a72d0\" data-element_type=\"section\" data-e-type=\"section\">\n\t\t\t\t\t\t<div class=\"elementor-container elementor-column-gap-default\">\n\t\t\t\t\t<div class=\"elementor-column elementor-col-50 elementor-top-column elementor-element elementor-element-27b713f animated-slow elementor-invisible\" data-id=\"27b713f\" data-element_type=\"column\" data-e-type=\"column\" data-settings=\"{&quot;animation&quot;:&quot;fadeIn&quot;}\">\n\t\t\t<div class=\"elementor-widget-wrap elementor-element-populated\">\n\t\t\t\t\t\t<div class=\"elementor-element elementor-element-8032371 elementor-widget elementor-widget-heading\" data-id=\"8032371\" data-element_type=\"widget\" data-e-type=\"widget\" data-widget_type=\"heading.default\">\n\t\t\t\t<div class=\"elementor-widget-container\">\n\t\t\t\t\t<h2 class=\"elementor-heading-title elementor-size-default\">Klijuota mediena ir langinis ta\u0161as<\/h2>\t\t\t\t<\/div>\n\t\t\t\t<\/div>\n\t\t\t\t\t<\/div>\n\t\t<\/div>\n\t\t\t\t<div class=\"elementor-column elementor-col-50 elementor-top-column elementor-element elementor-element-6cda84b\" data-id=\"6cda84b\" data-element_type=\"column\" data-e-type=\"column\">\n\t\t\t<div class=\"elementor-widget-wrap elementor-element-populated\">\n\t\t\t\t\t\t<div class=\"elementor-element elementor-element-c2d3766 animated-slow elementor-invisible elementor-widget elementor-widget-text-editor\" data-id=\"c2d3766\" data-element_type=\"widget\" data-e-type=\"widget\" data-settings=\"{&quot;_animation&quot;:&quot;fadeIn&quot;}\" data-widget_type=\"text-editor.default\">\n\t\t\t\t<div class=\"elementor-widget-container\">\n\t\t\t\t\t\t\t\t\t<p class=\"p1\"><strong>KLIJUOTOS MEDIENOS MASYVO PLOK\u0160T\u0116S<\/strong><b><br \/><\/b>Klijuotos plok\u0161t\u0117s i\u0161 med\u017eio masyvo yra nat\u016bralios med\u017eiagos. Interjero ir eksterjero dizaino tendencija architekt\u016broje gr\u012f\u017eta prie nat\u016brali\u0173 med\u017eiag\u0173. Tod\u0117l vis daugiau \u017emoni\u0173 renkasi nat\u016bralias med\u017eiagas. Produktai, kurie yra draugi\u0161kesni aplinkai, kurioje gyvena \u017emon\u0117s. Med\u017eio masyvo klijuotos plok\u0161t\u0117s yra tvarios ir tampa lydere naujoje ekologi\u0161kesn\u0117s architekt\u016bros ir medin\u0117s statybos eroje. Dygiuotos i\u0161 ilgio arba i\u0161tisin\u0117s lameli\u0173 plok\u0161t\u0117s yra pagamintos i\u0161 med\u017eio masyvo lameli\u0173 , klijuot\u0173 kra\u0161tuose, kad b\u016bt\u0173 suformuotas galutinis gabalo plotis. Jie tinka visoms reikm\u0117ms, kuriose tradici\u0161kai naudojama med\u017eio masyva, idealiai tinka stalvir\u0161iams, laiptams, baldams, apdailai ir kitiems stali\u0173 darbams.<\/p><p class=\"p1\">M\u016bs\u0173 si\u016blomos medienos r\u016b\u0161ys: pu\u0161is, \u0105\u017euolas, ber\u017eas.<\/p><p class=\"p1\"><strong><br \/>KLIJUOTAS LANGINIS TA\u0160AS<br \/><\/strong>\u0160iuolaikin\u0117 ekologi\u0161ka med\u017eiaga auk\u0161tos kokyb\u0117s medini\u0173 lang\u0173 gamybai. Tvirtesn\u0117 nei \u012fprasta masyvo mediena. Turi geras \u0161ilum\u0105 izoliuojan\u010dias savybes. Nesideformuoja esant staigiems temperat\u016bros poky\u010diams. Ta\u0161ai naudojami medini\u0173 lang\u0173 gamybai. Ta\u010diau tai nerei\u0161kia, kad si\u016blome tik standartinius matmenis. Galime pagaminti reikiam\u0173 i\u0161matavim\u0173 ta\u0161us pagal j\u016bs\u0173 gamybos poreikius. Ta\u0161ai susideda i\u0161 keli\u0173 sluoksni\u0173 medini\u0173 lameli\u0173 (standarti\u0161kai 21 ar 24 mm storio), kurios yra suklijuotos viena su kita. Kiekviena lamel\u0117 yra sujungta klijuotu dygiu (i\u0161ilgai klijuojama), vadinasi, i\u0161pjaunami visos \u0161akos ir defektai, tod\u0117l visos lameli\u0173 pus\u0117s prakti\u0161kai be defekt\u0173. Be to, gaminami ir ta\u0161ai su i\u0161tisin\u0117mis be defekt\u0173 i\u0161orin\u0117mis lamel\u0117mis.<\/p><p class=\"p1\">M\u016bs\u0173 si\u016blomos medienos r\u016b\u0161ys: pu\u0161is, \u0105\u017euolas.<\/p>\t\t\t\t\t\t\t\t<\/div>\n\t\t\t\t<\/div>\n\t\t\t\t\t<\/div>\n\t\t<\/div>\n\t\t\t\t\t<\/div>\n\t\t<\/section>\n\t\t\t\t<section class=\"elementor-section elementor-top-section elementor-element elementor-element-76e02c3 elementor-section-boxed elementor-section-height-default elementor-section-height-default\" data-id=\"76e02c3\" data-element_type=\"section\" data-e-type=\"section\" data-settings=\"{&quot;background_background&quot;:&quot;classic&quot;}\">\n\t\t\t\t\t\t\t<div class=\"elementor-background-overlay\"><\/div>\n\t\t\t\t\t\t\t<div class=\"elementor-container elementor-column-gap-default\">\n\t\t\t\t\t<div class=\"elementor-column elementor-col-100 elementor-top-column elementor-element elementor-element-bc94c77\" data-id=\"bc94c77\" data-element_type=\"column\" data-e-type=\"column\">\n\t\t\t<div class=\"elementor-widget-wrap elementor-element-populated\">\n\t\t\t\t\t\t<div class=\"elementor-element elementor-element-da66b31 elementor-widget elementor-widget-text-editor\" data-id=\"da66b31\" data-element_type=\"widget\" data-e-type=\"widget\" data-widget_type=\"text-editor.default\">\n\t\t\t\t<div class=\"elementor-widget-container\">\n\t\t\t\t\t\t\t\t\t<p>D\u0117l to verta rinktis \u0161i\u0105 medien\u0105, kaip ilgalaik\u012f nat\u016bral\u0173 produkt\u0105, suteikiant\u012f jaukumo ir nat\u016bralumo J\u016bs\u0173 aplinkai.\u00a0<\/p>\n\t\t\t\t\t\t\t\t<\/div>\n\t\t\t\t<\/div>\n\t\t\t\t\t<\/div>\n\t\t<\/div>\n\t\t\t\t\t<\/div>\n\t\t<\/section>\n\t\t\t\t<\/div>\n\t\t","protected":false},"excerpt":{"rendered":"<p>Klijuota mediena ir langinis ta\u0161as KLIJUOTOS MEDIENOS MASYVO PLOK\u0160T\u0116SKlijuotos plok\u0161t\u0117s i\u0161 med\u017eio masyvo yra nat\u016bralios med\u017eiagos. Interjero ir eksterjero dizaino tendencija architekt\u016broje gr\u012f\u017eta prie nat\u016brali\u0173 med\u017eiag\u0173. Tod\u0117l vis daugiau \u017emoni\u0173 renkasi nat\u016bralias med\u017eiagas. Produktai, kurie yra draugi\u0161kesni aplinkai, kurioje gyvena \u017emon\u0117s. Med\u017eio masyvo klijuotos plok\u0161t\u0117s yra tvarios ir tampa lydere naujoje ekologi\u0161kesn\u0117s architekt\u016bros ir medin\u0117s [&hellip;]<\/p>\n","protected":false},"author":1,"featured_media":0,"parent":0,"menu_order":0,"comment_status":"closed","ping_status":"closed","template":"elementor_header_footer","meta":{"_monsterinsights_skip_tracking":false,"_monsterinsights_sitenote_active":false,"_monsterinsights_sitenote_note":"","_monsterinsights_sitenote_category":0,"ocean_post_layout":"","ocean_both_sidebars_style":"","ocean_both_sidebars_content_width":0,"ocean_both_sidebars_sidebars_width":0,"ocean_sidebar":"0","ocean_second_sidebar":"0","ocean_disable_margins":"enable","ocean_add_body_class":"","ocean_shortcode_before_top_bar":"","ocean_shortcode_after_top_bar":"","ocean_shortcode_before_header":"","ocean_shortcode_after_header":"","ocean_has_shortcode":"","ocean_shortcode_after_title":"","ocean_shortcode_before_footer_widgets":"","ocean_shortcode_after_footer_widgets":"","ocean_shortcode_before_footer_bottom":"","ocean_shortcode_after_footer_bottom":"","ocean_display_top_bar":"default","ocean_display_header":"default","ocean_header_style":"","ocean_center_header_left_menu":"0","ocean_custom_header_template":"0","ocean_custom_logo":0,"ocean_custom_retina_logo":0,"ocean_custom_logo_max_width":0,"ocean_custom_logo_tablet_max_width":0,"ocean_custom_logo_mobile_max_width":0,"ocean_custom_logo_max_height":0,"ocean_custom_logo_tablet_max_height":0,"ocean_custom_logo_mobile_max_height":0,"ocean_header_custom_menu":"0","ocean_menu_typo_font_family":"0","ocean_menu_typo_font_subset":"","ocean_menu_typo_font_size":0,"ocean_menu_typo_font_size_tablet":0,"ocean_menu_typo_font_size_mobile":0,"ocean_menu_typo_font_size_unit":"px","ocean_menu_typo_font_weight":"","ocean_menu_typo_font_weight_tablet":"","ocean_menu_typo_font_weight_mobile":"","ocean_menu_typo_transform":"","ocean_menu_typo_transform_tablet":"","ocean_menu_typo_transform_mobile":"","ocean_menu_typo_line_height":0,"ocean_menu_typo_line_height_tablet":0,"ocean_menu_typo_line_height_mobile":0,"ocean_menu_typo_line_height_unit":"","ocean_menu_typo_spacing":0,"ocean_menu_typo_spacing_tablet":0,"ocean_menu_typo_spacing_mobile":0,"ocean_menu_typo_spacing_unit":"","ocean_menu_link_color":"","ocean_menu_link_color_hover":"","ocean_menu_link_color_active":"","ocean_menu_link_background":"","ocean_menu_link_hover_background":"","ocean_menu_link_active_background":"","ocean_menu_social_links_bg":"","ocean_menu_social_hover_links_bg":"","ocean_menu_social_links_color":"","ocean_menu_social_hover_links_color":"","ocean_disable_title":"default","ocean_disable_heading":"default","ocean_post_title":"","ocean_post_subheading":"","ocean_post_title_style":"","ocean_post_title_background_color":"","ocean_post_title_background":0,"ocean_post_title_bg_image_position":"","ocean_post_title_bg_image_attachment":"","ocean_post_title_bg_image_repeat":"","ocean_post_title_bg_image_size":"","ocean_post_title_height":0,"ocean_post_title_bg_overlay":0.5,"ocean_post_title_bg_overlay_color":"","ocean_disable_breadcrumbs":"default","ocean_breadcrumbs_color":"","ocean_breadcrumbs_separator_color":"","ocean_breadcrumbs_links_color":"","ocean_breadcrumbs_links_hover_color":"","ocean_display_footer_widgets":"default","ocean_display_footer_bottom":"default","ocean_custom_footer_template":"0","footnotes":""},"class_list":["post-272","page","type-page","status-publish","hentry","entry"],"_links":{"self":[{"href":"https:\/\/lignumsolidum.com\/lt\/wp-json\/wp\/v2\/pages\/272","targetHints":{"allow":["GET"]}}],"collection":[{"href":"https:\/\/lignumsolidum.com\/lt\/wp-json\/wp\/v2\/pages"}],"about":[{"href":"https:\/\/lignumsolidum.com\/lt\/wp-json\/wp\/v2\/types\/page"}],"author":[{"embeddable":true,"href":"https:\/\/lignumsolidum.com\/lt\/wp-json\/wp\/v2\/users\/1"}],"replies":[{"embeddable":true,"href":"https:\/\/lignumsolidum.com\/lt\/wp-json\/wp\/v2\/comments?post=272"}],"version-history":[{"count":9,"href":"https:\/\/lignumsolidum.com\/lt\/wp-json\/wp\/v2\/pages\/272\/revisions"}],"predecessor-version":[{"id":565,"href":"https:\/\/lignumsolidum.com\/lt\/wp-json\/wp\/v2\/pages\/272\/revisions\/565"}],"wp:attachment":[{"href":"https:\/\/lignumsolidum.com\/lt\/wp-json\/wp\/v2\/media?parent=272"}],"curies":[{"name":"wp","href":"https:\/\/api.w.org\/{rel}","templated":true}]}}