{"id":274,"date":"2021-12-17T09:04:50","date_gmt":"2021-12-17T09:04:50","guid":{"rendered":"https:\/\/lignumsolidum.com\/?page_id=274"},"modified":"2023-06-18T23:23:10","modified_gmt":"2023-06-18T20:23:10","slug":"dailylentes-ir-obliuoti-gaminiai","status":"publish","type":"page","link":"https:\/\/lignumsolidum.com\/lt\/dailylentes-ir-obliuoti-gaminiai\/","title":{"rendered":"Dailylent\u0117s ir obliuoti gaminiai"},"content":{"rendered":"\t\t<div data-elementor-type=\"wp-page\" data-elementor-id=\"274\" class=\"elementor elementor-274\" data-elementor-post-type=\"page\">\n\t\t\t\t\t\t<section class=\"elementor-section elementor-top-section elementor-element elementor-element-f0b0000 elementor-section-full_width elementor-section-height-default elementor-section-height-default\" data-id=\"f0b0000\" data-element_type=\"section\" data-e-type=\"section\">\n\t\t\t\t\t\t<div class=\"elementor-container elementor-column-gap-default\">\n\t\t\t\t\t<div class=\"elementor-column elementor-col-100 elementor-top-column elementor-element elementor-element-b2e8758\" data-id=\"b2e8758\" data-element_type=\"column\" data-e-type=\"column\">\n\t\t\t<div class=\"elementor-widget-wrap elementor-element-populated\">\n\t\t\t\t\t\t<div class=\"elementor-element elementor-element-aab7700 elementor-widget elementor-widget-gallery\" data-id=\"aab7700\" data-element_type=\"widget\" data-e-type=\"widget\" data-settings=\"{&quot;columns_mobile&quot;:2,&quot;lazyload&quot;:&quot;yes&quot;,&quot;gallery_layout&quot;:&quot;grid&quot;,&quot;columns&quot;:4,&quot;columns_tablet&quot;:2,&quot;gap&quot;:{&quot;unit&quot;:&quot;px&quot;,&quot;size&quot;:10,&quot;sizes&quot;:[]},&quot;gap_tablet&quot;:{&quot;unit&quot;:&quot;px&quot;,&quot;size&quot;:10,&quot;sizes&quot;:[]},&quot;gap_mobile&quot;:{&quot;unit&quot;:&quot;px&quot;,&quot;size&quot;:10,&quot;sizes&quot;:[]},&quot;link_to&quot;:&quot;file&quot;,&quot;aspect_ratio&quot;:&quot;3:2&quot;,&quot;overlay_background&quot;:&quot;yes&quot;,&quot;content_hover_animation&quot;:&quot;fade-in&quot;}\" data-widget_type=\"gallery.default\">\n\t\t\t\t<div class=\"elementor-widget-container\">\n\t\t\t\t\t\t\t<div class=\"elementor-gallery__container\">\n\t\t\t\t\t\t\t<a class=\"e-gallery-item elementor-gallery-item elementor-animated-content\" href=\"https:\/\/lignumsolidum.com\/wp-content\/uploads\/2021\/11\/9.png\" data-elementor-open-lightbox=\"yes\" data-elementor-lightbox-slideshow=\"aab7700\" data-e-action-hash=\"#elementor-action%3Aaction%3Dlightbox%26settings%3DeyJpZCI6MTAsInVybCI6Imh0dHBzOlwvXC9saWdudW1zb2xpZHVtLmNvbVwvd3AtY29udGVudFwvdXBsb2Fkc1wvMjAyMVwvMTFcLzkucG5nIiwic2xpZGVzaG93IjoiYWFiNzcwMCJ9\">\n\t\t\t\t\t<div class=\"e-gallery-image elementor-gallery-item__image\" data-thumbnail=\"https:\/\/lignumsolidum.com\/wp-content\/uploads\/2021\/11\/9.png\" data-width=\"800\" data-height=\"800\" aria-label=\"\" role=\"img\" ><\/div>\n\t\t\t\t\t\t\t\t\t\t\t<div class=\"elementor-gallery-item__overlay\"><\/div>\n\t\t\t\t\t\t\t\t\t\t\t\t\t\t<\/a>\n\t\t\t\t\t\t\t<a class=\"e-gallery-item elementor-gallery-item elementor-animated-content\" href=\"https:\/\/lignumsolidum.com\/wp-content\/uploads\/2021\/11\/7.png\" data-elementor-open-lightbox=\"yes\" data-elementor-lightbox-slideshow=\"aab7700\" data-e-action-hash=\"#elementor-action%3Aaction%3Dlightbox%26settings%3DeyJpZCI6OSwidXJsIjoiaHR0cHM6XC9cL2xpZ251bXNvbGlkdW0uY29tXC93cC1jb250ZW50XC91cGxvYWRzXC8yMDIxXC8xMVwvNy5wbmciLCJzbGlkZXNob3ciOiJhYWI3NzAwIn0%3D\">\n\t\t\t\t\t<div class=\"e-gallery-image elementor-gallery-item__image\" data-thumbnail=\"https:\/\/lignumsolidum.com\/wp-content\/uploads\/2021\/11\/7.png\" data-width=\"800\" data-height=\"800\" aria-label=\"\" role=\"img\" ><\/div>\n\t\t\t\t\t\t\t\t\t\t\t<div class=\"elementor-gallery-item__overlay\"><\/div>\n\t\t\t\t\t\t\t\t\t\t\t\t\t\t<\/a>\n\t\t\t\t\t\t\t<a class=\"e-gallery-item elementor-gallery-item elementor-animated-content\" href=\"https:\/\/lignumsolidum.com\/wp-content\/uploads\/2021\/11\/pasted-image-0.jpg\" data-elementor-open-lightbox=\"yes\" data-elementor-lightbox-slideshow=\"aab7700\" data-e-action-hash=\"#elementor-action%3Aaction%3Dlightbox%26settings%3DeyJpZCI6MTksInVybCI6Imh0dHBzOlwvXC9saWdudW1zb2xpZHVtLmNvbVwvd3AtY29udGVudFwvdXBsb2Fkc1wvMjAyMVwvMTFcL3Bhc3RlZC1pbWFnZS0wLmpwZyIsInNsaWRlc2hvdyI6ImFhYjc3MDAifQ%3D%3D\">\n\t\t\t\t\t<div class=\"e-gallery-image elementor-gallery-item__image\" data-thumbnail=\"https:\/\/lignumsolidum.com\/wp-content\/uploads\/2021\/11\/pasted-image-0.jpg\" data-width=\"768\" data-height=\"1024\" aria-label=\"\" role=\"img\" ><\/div>\n\t\t\t\t\t\t\t\t\t\t\t<div class=\"elementor-gallery-item__overlay\"><\/div>\n\t\t\t\t\t\t\t\t\t\t\t\t\t\t<\/a>\n\t\t\t\t\t\t\t<a class=\"e-gallery-item elementor-gallery-item elementor-animated-content\" href=\"https:\/\/lignumsolidum.com\/wp-content\/uploads\/2021\/11\/pasted-image-6.png\" data-elementor-open-lightbox=\"yes\" data-elementor-lightbox-slideshow=\"aab7700\" data-e-action-hash=\"#elementor-action%3Aaction%3Dlightbox%26settings%3DeyJpZCI6MjAsInVybCI6Imh0dHBzOlwvXC9saWdudW1zb2xpZHVtLmNvbVwvd3AtY29udGVudFwvdXBsb2Fkc1wvMjAyMVwvMTFcL3Bhc3RlZC1pbWFnZS02LnBuZyIsInNsaWRlc2hvdyI6ImFhYjc3MDAifQ%3D%3D\">\n\t\t\t\t\t<div class=\"e-gallery-image elementor-gallery-item__image\" data-thumbnail=\"https:\/\/lignumsolidum.com\/wp-content\/uploads\/2021\/11\/pasted-image-6.png\" data-width=\"882\" data-height=\"508\" aria-label=\"\" role=\"img\" ><\/div>\n\t\t\t\t\t\t\t\t\t\t\t<div class=\"elementor-gallery-item__overlay\"><\/div>\n\t\t\t\t\t\t\t\t\t\t\t\t\t\t<\/a>\n\t\t\t\t\t<\/div>\n\t\t\t\t\t<\/div>\n\t\t\t\t<\/div>\n\t\t\t\t\t<\/div>\n\t\t<\/div>\n\t\t\t\t\t<\/div>\n\t\t<\/section>\n\t\t\t\t<section class=\"elementor-section elementor-top-section elementor-element elementor-element-e0a72d0 elementor-section-boxed elementor-section-height-default elementor-section-height-default\" data-id=\"e0a72d0\" data-element_type=\"section\" data-e-type=\"section\">\n\t\t\t\t\t\t<div class=\"elementor-container elementor-column-gap-default\">\n\t\t\t\t\t<div class=\"elementor-column elementor-col-50 elementor-top-column elementor-element elementor-element-27b713f animated-slow elementor-invisible\" data-id=\"27b713f\" data-element_type=\"column\" data-e-type=\"column\" data-settings=\"{&quot;animation&quot;:&quot;fadeIn&quot;}\">\n\t\t\t<div class=\"elementor-widget-wrap elementor-element-populated\">\n\t\t\t\t\t\t<div class=\"elementor-element elementor-element-8032371 elementor-widget elementor-widget-heading\" data-id=\"8032371\" data-element_type=\"widget\" data-e-type=\"widget\" data-widget_type=\"heading.default\">\n\t\t\t\t<div class=\"elementor-widget-container\">\n\t\t\t\t\t<h2 class=\"elementor-heading-title elementor-size-default\">Dailylent\u0117s ir obliuoti gaminiai<\/h2>\t\t\t\t<\/div>\n\t\t\t\t<\/div>\n\t\t\t\t\t<\/div>\n\t\t<\/div>\n\t\t\t\t<div class=\"elementor-column elementor-col-50 elementor-top-column elementor-element elementor-element-6cda84b\" data-id=\"6cda84b\" data-element_type=\"column\" data-e-type=\"column\">\n\t\t\t<div class=\"elementor-widget-wrap elementor-element-populated\">\n\t\t\t\t\t\t<div class=\"elementor-element elementor-element-c2d3766 animated-slow elementor-invisible elementor-widget elementor-widget-text-editor\" data-id=\"c2d3766\" data-element_type=\"widget\" data-e-type=\"widget\" data-settings=\"{&quot;_animation&quot;:&quot;fadeIn&quot;}\" data-widget_type=\"text-editor.default\">\n\t\t\t\t<div class=\"elementor-widget-container\">\n\t\t\t\t\t\t\t\t\t<p>Maumed\u017eio ir spygliuo\u010di\u0173 medienos obliuoti apdailos gaminiai turi plat\u0173 spektr\u0105 panaudojimo galimybi\u0173: tai dailylent\u0117s lauko ventiliuojamiems fasadams, vidaus sien\u0173 apkalimui, konstrukcinei kalibruotai medienai statyti karkasiniams ir moduliniams namams, tvor\u0173 elementams montuoti aptvarus, pav\u0117sin\u0117ms, arkoms, pergol\u0117ms, suoleliams, taip pat bald\u0173 detal\u0117ms, laiptams ir pana\u0161iai.&nbsp; Mediena yra nat\u016bralus, ekologi\u0161kas, atsinaujinantis, neter\u0161iantis gamtos produktas. I\u0161 jos pagaminti gaminiai naudojami ilgus metus. Tod\u0117l medienos gaminiai nepraras savo populiarumo ilgoje perspektyvoje.&nbsp;<br>M\u016bs\u0173 \u012fmon\u0117 si\u016blo Jums \u012fvair\u0173 asortiment\u0105 obliuot\u0173 gamini\u0173. Juos galime obliuoti pagal m\u016bs\u0173 turim\u0105 standartin\u0119 specifikacij\u0105 taip pat ir J\u016bs\u0173 pageidaujamus&nbsp; individualius profilius i\u0161 maumed\u017eio ir spygliuo\u010di\u0173 medienos.&nbsp;&nbsp;<br>Medienos dailylen\u010di\u0173 apsauga nuo aplinkos poveikio ypatingai aktuali lauko fasadams. Jie patiria intensyv\u0173 saul\u0117s ir lietaus poveik\u012f. D\u0117l netinkamos apsaugos dailylent\u0117s gali raitytis, skilin\u0117ti. Fasadus b\u016btina padengti tinkama nat\u016brali\u0173 da\u017e\u0173 ar alyv\u0173 apsauga. Mes Jums patarsim kaip tai padaryti, pasi\u016blysim priemones.Taip pat galim pateikti jau padengtas alyva\/ da\u017eais dailylentes ar kitus obliuotus gaminius.&nbsp;<br>M\u016bs\u0173 rekomendacijos d\u0117l dailylen\u010di\u0173 i\u0161matavim\u0173. Optimalus plo\u010dio&nbsp; variantas lauko dailylentei yra 120 &#8211; 145 mm. Ji gra\u017eiau vizualiai atrodo didesnio plo\u010dio, ta\u010diau gan\u0117tinai plati&nbsp; &nbsp; lauko dailylent\u0117 nebus stabili, didesn\u0117 tikimyb\u0117 kad grei\u010diau suskilin\u0117s ir i\u0161siraitys d\u0117l medienos strukt\u016bros netolygumo. Standartinis lauko dailylent\u0117s storis yra nuo 18 iki 22 mm. Ilgis paprastai parenkamas pagal fasado parametrus.&nbsp;<br>Taip pat si\u016blome konstrukcin\u0119 kalibruot\u0105 egl\u0117s medien\u0105. \u0160i mediena yra sertifikuota ir&nbsp; graduota pagal stiprumo standart\u0105 C24.&nbsp;<\/p>\n<p>Standartin\u0117 specifikacija:&nbsp;storis 45 mm, plotis 70\/ 95\/ 120\/ 145\/ 170\/ 195\/ 220 mm, ilgis nuo 3600\/ 4200\/ 4800\/ 5400\/ 6000 mm.&nbsp;<\/p>\n<p>\u0160i mediena naudojama karkasini\u0173, modulini\u0173 nam\u0173 statybai, bei stog\u0173 konstrukcijoms.&nbsp;<\/p>\t\t\t\t\t\t\t\t<\/div>\n\t\t\t\t<\/div>\n\t\t\t\t\t<\/div>\n\t\t<\/div>\n\t\t\t\t\t<\/div>\n\t\t<\/section>\n\t\t\t\t<\/div>\n\t\t","protected":false},"excerpt":{"rendered":"<p>Dailylent\u0117s ir obliuoti gaminiai Maumed\u017eio ir spygliuo\u010di\u0173 medienos obliuoti apdailos gaminiai turi plat\u0173 spektr\u0105 panaudojimo galimybi\u0173: tai dailylent\u0117s lauko ventiliuojamiems fasadams, vidaus sien\u0173 apkalimui, konstrukcinei kalibruotai medienai statyti karkasiniams ir moduliniams namams, tvor\u0173 elementams montuoti aptvarus, pav\u0117sin\u0117ms, arkoms, pergol\u0117ms, suoleliams, taip pat bald\u0173 detal\u0117ms, laiptams ir pana\u0161iai.&nbsp; Mediena yra nat\u016bralus, ekologi\u0161kas, atsinaujinantis, neter\u0161iantis gamtos produktas. [&hellip;]<\/p>\n","protected":false},"author":1,"featured_media":0,"parent":0,"menu_order":0,"comment_status":"closed","ping_status":"closed","template":"elementor_header_footer","meta":{"_monsterinsights_skip_tracking":false,"_monsterinsights_sitenote_active":false,"_monsterinsights_sitenote_note":"","_monsterinsights_sitenote_category":0,"ocean_post_layout":"","ocean_both_sidebars_style":"","ocean_both_sidebars_content_width":0,"ocean_both_sidebars_sidebars_width":0,"ocean_sidebar":"0","ocean_second_sidebar":"0","ocean_disable_margins":"enable","ocean_add_body_class":"","ocean_shortcode_before_top_bar":"","ocean_shortcode_after_top_bar":"","ocean_shortcode_before_header":"","ocean_shortcode_after_header":"","ocean_has_shortcode":"","ocean_shortcode_after_title":"","ocean_shortcode_before_footer_widgets":"","ocean_shortcode_after_footer_widgets":"","ocean_shortcode_before_footer_bottom":"","ocean_shortcode_after_footer_bottom":"","ocean_display_top_bar":"default","ocean_display_header":"default","ocean_header_style":"","ocean_center_header_left_menu":"0","ocean_custom_header_template":"0","ocean_custom_logo":0,"ocean_custom_retina_logo":0,"ocean_custom_logo_max_width":0,"ocean_custom_logo_tablet_max_width":0,"ocean_custom_logo_mobile_max_width":0,"ocean_custom_logo_max_height":0,"ocean_custom_logo_tablet_max_height":0,"ocean_custom_logo_mobile_max_height":0,"ocean_header_custom_menu":"0","ocean_menu_typo_font_family":"0","ocean_menu_typo_font_subset":"","ocean_menu_typo_font_size":0,"ocean_menu_typo_font_size_tablet":0,"ocean_menu_typo_font_size_mobile":0,"ocean_menu_typo_font_size_unit":"px","ocean_menu_typo_font_weight":"","ocean_menu_typo_font_weight_tablet":"","ocean_menu_typo_font_weight_mobile":"","ocean_menu_typo_transform":"","ocean_menu_typo_transform_tablet":"","ocean_menu_typo_transform_mobile":"","ocean_menu_typo_line_height":0,"ocean_menu_typo_line_height_tablet":0,"ocean_menu_typo_line_height_mobile":0,"ocean_menu_typo_line_height_unit":"","ocean_menu_typo_spacing":0,"ocean_menu_typo_spacing_tablet":0,"ocean_menu_typo_spacing_mobile":0,"ocean_menu_typo_spacing_unit":"","ocean_menu_link_color":"","ocean_menu_link_color_hover":"","ocean_menu_link_color_active":"","ocean_menu_link_background":"","ocean_menu_link_hover_background":"","ocean_menu_link_active_background":"","ocean_menu_social_links_bg":"","ocean_menu_social_hover_links_bg":"","ocean_menu_social_links_color":"","ocean_menu_social_hover_links_color":"","ocean_disable_title":"default","ocean_disable_heading":"default","ocean_post_title":"","ocean_post_subheading":"","ocean_post_title_style":"","ocean_post_title_background_color":"","ocean_post_title_background":0,"ocean_post_title_bg_image_position":"","ocean_post_title_bg_image_attachment":"","ocean_post_title_bg_image_repeat":"","ocean_post_title_bg_image_size":"","ocean_post_title_height":0,"ocean_post_title_bg_overlay":0.5,"ocean_post_title_bg_overlay_color":"","ocean_disable_breadcrumbs":"default","ocean_breadcrumbs_color":"","ocean_breadcrumbs_separator_color":"","ocean_breadcrumbs_links_color":"","ocean_breadcrumbs_links_hover_color":"","ocean_display_footer_widgets":"default","ocean_display_footer_bottom":"default","ocean_custom_footer_template":"0","footnotes":""},"class_list":["post-274","page","type-page","status-publish","hentry","entry"],"_links":{"self":[{"href":"https:\/\/lignumsolidum.com\/lt\/wp-json\/wp\/v2\/pages\/274","targetHints":{"allow":["GET"]}}],"collection":[{"href":"https:\/\/lignumsolidum.com\/lt\/wp-json\/wp\/v2\/pages"}],"about":[{"href":"https:\/\/lignumsolidum.com\/lt\/wp-json\/wp\/v2\/types\/page"}],"author":[{"embeddable":true,"href":"https:\/\/lignumsolidum.com\/lt\/wp-json\/wp\/v2\/users\/1"}],"replies":[{"embeddable":true,"href":"https:\/\/lignumsolidum.com\/lt\/wp-json\/wp\/v2\/comments?post=274"}],"version-history":[{"count":6,"href":"https:\/\/lignumsolidum.com\/lt\/wp-json\/wp\/v2\/pages\/274\/revisions"}],"predecessor-version":[{"id":602,"href":"https:\/\/lignumsolidum.com\/lt\/wp-json\/wp\/v2\/pages\/274\/revisions\/602"}],"wp:attachment":[{"href":"https:\/\/lignumsolidum.com\/lt\/wp-json\/wp\/v2\/media?parent=274"}],"curies":[{"name":"wp","href":"https:\/\/api.w.org\/{rel}","templated":true}]}}