{"id":351,"date":"2021-12-22T14:13:28","date_gmt":"2021-12-22T14:13:28","guid":{"rendered":"https:\/\/lignumsolidum.com\/?page_id=351"},"modified":"2022-01-06T14:10:13","modified_gmt":"2022-01-06T14:10:13","slug":"termiskai-apdorota-mediena","status":"publish","type":"page","link":"https:\/\/lignumsolidum.com\/lt\/termiskai-apdorota-mediena\/","title":{"rendered":"Termi\u0161kai apdorota mediena"},"content":{"rendered":"\t\t<div data-elementor-type=\"wp-page\" data-elementor-id=\"351\" class=\"elementor elementor-351\" data-elementor-post-type=\"page\">\n\t\t\t\t\t\t<section class=\"elementor-section elementor-top-section elementor-element elementor-element-f0b0000 elementor-section-full_width elementor-section-height-default elementor-section-height-default\" data-id=\"f0b0000\" data-element_type=\"section\" data-e-type=\"section\">\n\t\t\t\t\t\t<div class=\"elementor-container elementor-column-gap-default\">\n\t\t\t\t\t<div class=\"elementor-column elementor-col-100 elementor-top-column elementor-element elementor-element-b2e8758\" data-id=\"b2e8758\" data-element_type=\"column\" data-e-type=\"column\">\n\t\t\t<div class=\"elementor-widget-wrap elementor-element-populated\">\n\t\t\t\t\t\t<div class=\"elementor-element elementor-element-aab7700 elementor-widget elementor-widget-gallery\" data-id=\"aab7700\" data-element_type=\"widget\" data-e-type=\"widget\" data-settings=\"{&quot;columns_mobile&quot;:2,&quot;aspect_ratio&quot;:&quot;1:1&quot;,&quot;lazyload&quot;:&quot;yes&quot;,&quot;gallery_layout&quot;:&quot;grid&quot;,&quot;columns&quot;:4,&quot;columns_tablet&quot;:2,&quot;gap&quot;:{&quot;unit&quot;:&quot;px&quot;,&quot;size&quot;:10,&quot;sizes&quot;:[]},&quot;gap_tablet&quot;:{&quot;unit&quot;:&quot;px&quot;,&quot;size&quot;:10,&quot;sizes&quot;:[]},&quot;gap_mobile&quot;:{&quot;unit&quot;:&quot;px&quot;,&quot;size&quot;:10,&quot;sizes&quot;:[]},&quot;link_to&quot;:&quot;file&quot;,&quot;overlay_background&quot;:&quot;yes&quot;,&quot;content_hover_animation&quot;:&quot;fade-in&quot;}\" data-widget_type=\"gallery.default\">\n\t\t\t\t<div class=\"elementor-widget-container\">\n\t\t\t\t\t\t\t<div class=\"elementor-gallery__container\">\n\t\t\t\t\t\t\t<a class=\"e-gallery-item elementor-gallery-item elementor-animated-content\" href=\"https:\/\/lignumsolidum.com\/wp-content\/uploads\/2021\/12\/1-1-scaled.jpg\" data-elementor-open-lightbox=\"yes\" data-elementor-lightbox-slideshow=\"aab7700\" data-elementor-lightbox-title=\"1\" data-e-action-hash=\"#elementor-action%3Aaction%3Dlightbox%26settings%3DeyJpZCI6MzY5LCJ1cmwiOiJodHRwczpcL1wvbGlnbnVtc29saWR1bS5jb21cL3dwLWNvbnRlbnRcL3VwbG9hZHNcLzIwMjFcLzEyXC8xLTEtc2NhbGVkLmpwZyIsInNsaWRlc2hvdyI6ImFhYjc3MDAifQ%3D%3D\">\n\t\t\t\t\t<div class=\"e-gallery-image elementor-gallery-item__image\" data-thumbnail=\"https:\/\/lignumsolidum.com\/wp-content\/uploads\/2021\/12\/1-1-scaled.jpg\" data-width=\"1920\" data-height=\"2560\" aria-label=\"\" role=\"img\" ><\/div>\n\t\t\t\t\t\t\t\t\t\t\t<div class=\"elementor-gallery-item__overlay\"><\/div>\n\t\t\t\t\t\t\t\t\t\t\t\t\t\t<\/a>\n\t\t\t\t\t\t\t<a class=\"e-gallery-item elementor-gallery-item elementor-animated-content\" href=\"https:\/\/lignumsolidum.com\/wp-content\/uploads\/2021\/12\/3-1-scaled.jpg\" data-elementor-open-lightbox=\"yes\" data-elementor-lightbox-slideshow=\"aab7700\" data-elementor-lightbox-title=\"3\" data-e-action-hash=\"#elementor-action%3Aaction%3Dlightbox%26settings%3DeyJpZCI6MzczLCJ1cmwiOiJodHRwczpcL1wvbGlnbnVtc29saWR1bS5jb21cL3dwLWNvbnRlbnRcL3VwbG9hZHNcLzIwMjFcLzEyXC8zLTEtc2NhbGVkLmpwZyIsInNsaWRlc2hvdyI6ImFhYjc3MDAifQ%3D%3D\">\n\t\t\t\t\t<div class=\"e-gallery-image elementor-gallery-item__image\" data-thumbnail=\"https:\/\/lignumsolidum.com\/wp-content\/uploads\/2021\/12\/3-1-scaled.jpg\" data-width=\"1920\" data-height=\"2560\" aria-label=\"\" role=\"img\" ><\/div>\n\t\t\t\t\t\t\t\t\t\t\t<div class=\"elementor-gallery-item__overlay\"><\/div>\n\t\t\t\t\t\t\t\t\t\t\t\t\t\t<\/a>\n\t\t\t\t\t\t\t<a class=\"e-gallery-item elementor-gallery-item elementor-animated-content\" href=\"https:\/\/lignumsolidum.com\/wp-content\/uploads\/2021\/12\/2-1.jpg\" data-elementor-open-lightbox=\"yes\" data-elementor-lightbox-slideshow=\"aab7700\" data-elementor-lightbox-title=\"2\" data-e-action-hash=\"#elementor-action%3Aaction%3Dlightbox%26settings%3DeyJpZCI6MzcxLCJ1cmwiOiJodHRwczpcL1wvbGlnbnVtc29saWR1bS5jb21cL3dwLWNvbnRlbnRcL3VwbG9hZHNcLzIwMjFcLzEyXC8yLTEuanBnIiwic2xpZGVzaG93IjoiYWFiNzcwMCJ9\">\n\t\t\t\t\t<div class=\"e-gallery-image elementor-gallery-item__image\" data-thumbnail=\"https:\/\/lignumsolidum.com\/wp-content\/uploads\/2021\/12\/2-1.jpg\" data-width=\"525\" data-height=\"700\" aria-label=\"\" role=\"img\" ><\/div>\n\t\t\t\t\t\t\t\t\t\t\t<div class=\"elementor-gallery-item__overlay\"><\/div>\n\t\t\t\t\t\t\t\t\t\t\t\t\t\t<\/a>\n\t\t\t\t\t\t\t<a class=\"e-gallery-item elementor-gallery-item elementor-animated-content\" href=\"https:\/\/lignumsolidum.com\/wp-content\/uploads\/2021\/12\/4-1-scaled.jpg\" data-elementor-open-lightbox=\"yes\" data-elementor-lightbox-slideshow=\"aab7700\" data-elementor-lightbox-title=\"4\" data-e-action-hash=\"#elementor-action%3Aaction%3Dlightbox%26settings%3DeyJpZCI6Mzc1LCJ1cmwiOiJodHRwczpcL1wvbGlnbnVtc29saWR1bS5jb21cL3dwLWNvbnRlbnRcL3VwbG9hZHNcLzIwMjFcLzEyXC80LTEtc2NhbGVkLmpwZyIsInNsaWRlc2hvdyI6ImFhYjc3MDAifQ%3D%3D\">\n\t\t\t\t\t<div class=\"e-gallery-image elementor-gallery-item__image\" data-thumbnail=\"https:\/\/lignumsolidum.com\/wp-content\/uploads\/2021\/12\/4-1-scaled.jpg\" data-width=\"1639\" data-height=\"2560\" aria-label=\"\" role=\"img\" ><\/div>\n\t\t\t\t\t\t\t\t\t\t\t<div class=\"elementor-gallery-item__overlay\"><\/div>\n\t\t\t\t\t\t\t\t\t\t\t\t\t\t<\/a>\n\t\t\t\t\t<\/div>\n\t\t\t\t\t<\/div>\n\t\t\t\t<\/div>\n\t\t\t\t\t<\/div>\n\t\t<\/div>\n\t\t\t\t\t<\/div>\n\t\t<\/section>\n\t\t\t\t<section class=\"elementor-section elementor-top-section elementor-element elementor-element-e0a72d0 elementor-section-boxed elementor-section-height-default elementor-section-height-default\" data-id=\"e0a72d0\" data-element_type=\"section\" data-e-type=\"section\">\n\t\t\t\t\t\t<div class=\"elementor-container elementor-column-gap-default\">\n\t\t\t\t\t<div class=\"elementor-column elementor-col-50 elementor-top-column elementor-element elementor-element-27b713f animated-slow elementor-invisible\" data-id=\"27b713f\" data-element_type=\"column\" data-e-type=\"column\" data-settings=\"{&quot;animation&quot;:&quot;fadeIn&quot;}\">\n\t\t\t<div class=\"elementor-widget-wrap elementor-element-populated\">\n\t\t\t\t\t\t<div class=\"elementor-element elementor-element-8032371 elementor-widget elementor-widget-heading\" data-id=\"8032371\" data-element_type=\"widget\" data-e-type=\"widget\" data-widget_type=\"heading.default\">\n\t\t\t\t<div class=\"elementor-widget-container\">\n\t\t\t\t\t<h1 class=\"elementor-heading-title elementor-size-default\">Termi\u0161kai apdorota mediena<\/h1>\t\t\t\t<\/div>\n\t\t\t\t<\/div>\n\t\t\t\t\t<\/div>\n\t\t<\/div>\n\t\t\t\t<div class=\"elementor-column elementor-col-50 elementor-top-column elementor-element elementor-element-6cda84b\" data-id=\"6cda84b\" data-element_type=\"column\" data-e-type=\"column\">\n\t\t\t<div class=\"elementor-widget-wrap elementor-element-populated\">\n\t\t\t\t\t\t<div class=\"elementor-element elementor-element-c2d3766 animated-slow elementor-invisible elementor-widget elementor-widget-text-editor\" data-id=\"c2d3766\" data-element_type=\"widget\" data-e-type=\"widget\" data-settings=\"{&quot;_animation&quot;:&quot;fadeIn&quot;}\" data-widget_type=\"text-editor.default\">\n\t\t\t\t<div class=\"elementor-widget-container\">\n\t\t\t\t\t\t\t\t\t<p>\u0160iuo metu terminio apdorojimo technologija u\u017ekariauja pasaul\u012f. Terminio apdorojimo&nbsp;<span style=\"font-size: 14px; color: var( --e-global-color-9b2deaf );\">technologijos pirm\u0105 kart\u0105 buvo panaudotos de\u0161imtojo de\u0161imtme\u010dio viduryje Suomijoje ir&nbsp;<\/span><span style=\"font-size: 14px; color: var( --e-global-color-9b2deaf );\">Pranc\u016bzijoje. Per pastaruosius 20 met\u0173 terminio apdorojimo rinka Europoje nuolat auga.&nbsp;<\/span><span style=\"font-size: 14px; color: var( --e-global-color-9b2deaf );\">Nat\u016bralioje termi\u0161kai apdorotoje medienoje dr\u0117gm\u0117s ir \u0161ilumos balansas yra optimalus, sukuria&nbsp;<\/span><span style=\"font-size: 14px; color: var( --e-global-color-9b2deaf );\">unikal\u0173 mikroklimat\u0105. Tokia mediena yra populiari statybin\u0117 ir apdailos med\u017eiaga. Joks&nbsp;<\/span><span style=\"font-size: 14px; color: var( --e-global-color-9b2deaf );\">sintetinis pakaitalas negali konkuruoti savo naudingomis ir unikaliomis savyb\u0117mis.<\/span><\/p>\n<p>Medienos tarnavimo laikui prat\u0119sti buvo sukurtas metodas, padidinantis pjautin\u0117s ir obliuotos&nbsp;<span style=\"font-size: 14px; color: var( --e-global-color-9b2deaf );\">medienos gamini\u0173 atsparum\u0105 i\u0161orinei aplinkai. Veiksmingiausias b\u016bdas i\u0161saugoti medien\u0105&nbsp;<\/span><span style=\"font-size: 14px; color: var( --e-global-color-9b2deaf );\">\u0161iandien yra terminis apdorojimas. Ji yra patraukliausias nat\u016bralius produktas, montuojant lauko&nbsp;<\/span><span style=\"font-size: 14px; color: var( --e-global-color-9b2deaf );\">terasas ir apdailos fasadus, nes tarnauja bent 20 kart\u0173 ilgiau nei \u012fprasta mediena.<\/span><\/p>\n<p>Suomiai laikomi medienos terminio apdorojimo metodo pradininkais. Jie panaudojo \u0161\u012f metod\u0105:&nbsp;<span style=\"font-size: 14px; color: var( --e-global-color-9b2deaf );\">po auk\u0161tos temperat\u016bros poveikio daugelis medienos r\u016b\u0161i\u0173 tampa ma\u017eiau jautrios i\u0161oriniams&nbsp;<\/span><span style=\"font-size: 14px; color: var( --e-global-color-9b2deaf );\">veiksniams.<\/span><\/p>\n<p>Remiantis tyrimais, terminio apdorojimo metu med\u017eiaga turi praeiti kelis etapus. Tai&nbsp;<span style=\"font-size: 14px; color: var( --e-global-color-9b2deaf );\">d\u017eiovinimas 130 &#8211; 150 \u00b0 C \u0161ilumin\u0117se kamerose &#8211; dr\u0117gm\u0117s kiekis medienoje nukrenta iki nulio.&nbsp;<\/span><span style=\"font-size: 14px; color: var( --e-global-color-9b2deaf );\">Terminis apdorojimas &#8211; mediena termi\u0161kai gr\u016bdinama didinant temperat\u016br\u0105 iki 190 &#8211; 240 \u00b0C,&nbsp;<\/span><span style=\"font-size: 14px; color: var( --e-global-color-9b2deaf );\">sl\u0117g\u012f ir naudojant vandens garus. Galiausiai mediena v\u0117sinama vandens laistymo sistema.&nbsp;<\/span><span style=\"font-size: 14px; color: var( --e-global-color-9b2deaf );\">Temperat\u016bra nukrenta iki 80 \u00b0 C, mediena v\u0117l dr\u0117kinamas iki 6%. Operacij\u0173 metu med\u017eiagos&nbsp;<\/span><span style=\"font-size: 14px; color: var( --e-global-color-9b2deaf );\">strukt\u016bra kinta molekuliniu lygmeniu. Pluo\u0161tai ir jungtys suyra nuo temperat\u016bros ir sl\u0117gio. D\u0117l&nbsp;<\/span><span style=\"font-size: 14px; color: var( --e-global-color-9b2deaf );\">to pavir\u0161ius tampa atsparus dr\u0117gmei, atsparus deformacijai, irimui, parazit\u0173 u\u017ekr\u0117timui ir tampa&nbsp;<\/span><span style=\"font-size: 14px; color: var( --e-global-color-9b2deaf );\">ma\u017eiau por\u0117tas.<\/span><\/p>\n<p>Termi\u0161kai apdorota mediena toleruoja didelius temperat\u016bros kra\u0161tutinumus, dr\u0117gm\u0117s svyravimus&nbsp;<span style=\"font-size: 14px; color: var( --e-global-color-9b2deaf );\">ir nesideformuoja lyjant ar kaitinant saulei. Taip apdorota mediena nep\u016bva, nepelija, joje&nbsp;<\/span><span style=\"font-size: 14px; color: var( --e-global-color-9b2deaf );\">nesiveisia vabzd\u017eiai.<\/span><\/p>\n<p>Ji tarnauja bent 20 kart\u0173 ilgiau nei \u012fprasta mediena, nes turi auk\u0161t\u0105 pavir\u0161iaus kokyb\u0119, atsparum\u0105&nbsp;<span style=\"font-size: 14px; color: var( --e-global-color-9b2deaf );\">temperat\u016bros svyravimams, stabilum\u0105, vienod\u0105 atspalv\u012f visame med\u017eiagos skerspj\u016bvyje.<\/span><\/p>\n<p>Ji kei\u010dia spalv\u0105 &#8211; \u012fgauna atspalv\u012f, b\u016bding\u0105 tik brangioms veisl\u0117ms, priskiriama \u201eeko\u201c kategorijai&nbsp;<span style=\"font-size: 14px; color: var( --e-global-color-9b2deaf );\">ir skleid\u017eia sodr\u0173 medienos kvap\u0105.<\/span><\/p>\t\t\t\t\t\t\t\t<\/div>\n\t\t\t\t<\/div>\n\t\t\t\t\t<\/div>\n\t\t<\/div>\n\t\t\t\t\t<\/div>\n\t\t<\/section>\n\t\t\t\t<\/div>\n\t\t","protected":false},"excerpt":{"rendered":"<p>Termi\u0161kai apdorota mediena \u0160iuo metu terminio apdorojimo technologija u\u017ekariauja pasaul\u012f. Terminio apdorojimo&nbsp;technologijos pirm\u0105 kart\u0105 buvo panaudotos de\u0161imtojo de\u0161imtme\u010dio viduryje Suomijoje ir&nbsp;Pranc\u016bzijoje. Per pastaruosius 20 met\u0173 terminio apdorojimo rinka Europoje nuolat auga.&nbsp;Nat\u016bralioje termi\u0161kai apdorotoje medienoje dr\u0117gm\u0117s ir \u0161ilumos balansas yra optimalus, sukuria&nbsp;unikal\u0173 mikroklimat\u0105. Tokia mediena yra populiari statybin\u0117 ir apdailos med\u017eiaga. Joks&nbsp;sintetinis pakaitalas negali konkuruoti savo [&hellip;]<\/p>\n","protected":false},"author":1,"featured_media":0,"parent":0,"menu_order":0,"comment_status":"closed","ping_status":"closed","template":"elementor_header_footer","meta":{"_monsterinsights_skip_tracking":false,"_monsterinsights_sitenote_active":false,"_monsterinsights_sitenote_note":"","_monsterinsights_sitenote_category":0,"ocean_post_layout":"","ocean_both_sidebars_style":"","ocean_both_sidebars_content_width":0,"ocean_both_sidebars_sidebars_width":0,"ocean_sidebar":"0","ocean_second_sidebar":"0","ocean_disable_margins":"enable","ocean_add_body_class":"","ocean_shortcode_before_top_bar":"","ocean_shortcode_after_top_bar":"","ocean_shortcode_before_header":"","ocean_shortcode_after_header":"","ocean_has_shortcode":"","ocean_shortcode_after_title":"","ocean_shortcode_before_footer_widgets":"","ocean_shortcode_after_footer_widgets":"","ocean_shortcode_before_footer_bottom":"","ocean_shortcode_after_footer_bottom":"","ocean_display_top_bar":"default","ocean_display_header":"default","ocean_header_style":"","ocean_center_header_left_menu":"0","ocean_custom_header_template":"0","ocean_custom_logo":0,"ocean_custom_retina_logo":0,"ocean_custom_logo_max_width":0,"ocean_custom_logo_tablet_max_width":0,"ocean_custom_logo_mobile_max_width":0,"ocean_custom_logo_max_height":0,"ocean_custom_logo_tablet_max_height":0,"ocean_custom_logo_mobile_max_height":0,"ocean_header_custom_menu":"0","ocean_menu_typo_font_family":"0","ocean_menu_typo_font_subset":"","ocean_menu_typo_font_size":0,"ocean_menu_typo_font_size_tablet":0,"ocean_menu_typo_font_size_mobile":0,"ocean_menu_typo_font_size_unit":"px","ocean_menu_typo_font_weight":"","ocean_menu_typo_font_weight_tablet":"","ocean_menu_typo_font_weight_mobile":"","ocean_menu_typo_transform":"","ocean_menu_typo_transform_tablet":"","ocean_menu_typo_transform_mobile":"","ocean_menu_typo_line_height":0,"ocean_menu_typo_line_height_tablet":0,"ocean_menu_typo_line_height_mobile":0,"ocean_menu_typo_line_height_unit":"","ocean_menu_typo_spacing":0,"ocean_menu_typo_spacing_tablet":0,"ocean_menu_typo_spacing_mobile":0,"ocean_menu_typo_spacing_unit":"","ocean_menu_link_color":"","ocean_menu_link_color_hover":"","ocean_menu_link_color_active":"","ocean_menu_link_background":"","ocean_menu_link_hover_background":"","ocean_menu_link_active_background":"","ocean_menu_social_links_bg":"","ocean_menu_social_hover_links_bg":"","ocean_menu_social_links_color":"","ocean_menu_social_hover_links_color":"","ocean_disable_title":"default","ocean_disable_heading":"default","ocean_post_title":"","ocean_post_subheading":"","ocean_post_title_style":"","ocean_post_title_background_color":"","ocean_post_title_background":0,"ocean_post_title_bg_image_position":"","ocean_post_title_bg_image_attachment":"","ocean_post_title_bg_image_repeat":"","ocean_post_title_bg_image_size":"","ocean_post_title_height":0,"ocean_post_title_bg_overlay":0.5,"ocean_post_title_bg_overlay_color":"","ocean_disable_breadcrumbs":"default","ocean_breadcrumbs_color":"","ocean_breadcrumbs_separator_color":"","ocean_breadcrumbs_links_color":"","ocean_breadcrumbs_links_hover_color":"","ocean_display_footer_widgets":"default","ocean_display_footer_bottom":"default","ocean_custom_footer_template":"0","footnotes":""},"class_list":["post-351","page","type-page","status-publish","hentry","entry"],"_links":{"self":[{"href":"https:\/\/lignumsolidum.com\/lt\/wp-json\/wp\/v2\/pages\/351","targetHints":{"allow":["GET"]}}],"collection":[{"href":"https:\/\/lignumsolidum.com\/lt\/wp-json\/wp\/v2\/pages"}],"about":[{"href":"https:\/\/lignumsolidum.com\/lt\/wp-json\/wp\/v2\/types\/page"}],"author":[{"embeddable":true,"href":"https:\/\/lignumsolidum.com\/lt\/wp-json\/wp\/v2\/users\/1"}],"replies":[{"embeddable":true,"href":"https:\/\/lignumsolidum.com\/lt\/wp-json\/wp\/v2\/comments?post=351"}],"version-history":[{"count":10,"href":"https:\/\/lignumsolidum.com\/lt\/wp-json\/wp\/v2\/pages\/351\/revisions"}],"predecessor-version":[{"id":399,"href":"https:\/\/lignumsolidum.com\/lt\/wp-json\/wp\/v2\/pages\/351\/revisions\/399"}],"wp:attachment":[{"href":"https:\/\/lignumsolidum.com\/lt\/wp-json\/wp\/v2\/media?parent=351"}],"curies":[{"name":"wp","href":"https:\/\/api.w.org\/{rel}","templated":true}]}}